{"id":85527,"date":"2019-01-15T17:43:07","date_gmt":"2019-01-15T14:43:07","guid":{"rendered":"https:\/\/www.enerjigazetesi.ist\/?page_id=85527"},"modified":"2019-01-15T17:43:07","modified_gmt":"2019-01-15T14:43:07","slug":"enerji-sektorunde-uzman-ve-muhendis-arayan-kurumsal-sirket-ve-firmalar","status":"publish","type":"page","link":"https:\/\/www.enerjigazetesi.ist\/en\/enerji-sektoru-is-ilanlari-kariyer\/enerji-sektorunde-uzman-ve-muhendis-arayan-kurumsal-sirket-ve-firmalar\/","title":{"rendered":"(Turkish) Enerji Sekt\u00f6r\u00fc&#8217;nde Uzman ve M\u00fchendis Arayan Kurumsal \u015eirket ve Firmalar"},"content":{"rendered":"<p class=\"qtranxs-available-languages-message qtranxs-available-languages-message-en\">Sorry, this entry is only available in <a href=\"https:\/\/www.enerjigazetesi.ist\/tr\/wp-json\/wp\/v2\/pages\/85527\" class=\"qtranxs-available-language-link qtranxs-available-language-link-tr\" title=\"Turkish\">Turkish<\/a>. For the sake of viewer convenience, the content is shown below in the alternative language. You may click the link to switch the active language.<\/p><p>G\u00fcncellenmektedir&#8230;<\/p>","protected":false},"excerpt":{"rendered":"<p>Sorry, this entry is only available in Turkish. For the sake of viewer convenience, the content is shown below in the alternative language. You may click the link to switch the active language.G\u00fcncellenmektedir&#8230;<\/p>\n","protected":false},"author":1,"featured_media":0,"parent":7492,"menu_order":0,"comment_status":"closed","ping_status":"closed","template":"","meta":[],"_links":{"self":[{"href":"https:\/\/www.enerjigazetesi.ist\/en\/wp-json\/wp\/v2\/pages\/85527"}],"collection":[{"href":"https:\/\/www.enerjigazetesi.ist\/en\/wp-json\/wp\/v2\/pages"}],"about":[{"href":"https:\/\/www.enerjigazetesi.ist\/en\/wp-json\/wp\/v2\/types\/page"}],"author":[{"embeddable":true,"href":"https:\/\/www.enerjigazetesi.ist\/en\/wp-json\/wp\/v2\/users\/1"}],"replies":[{"embeddable":true,"href":"https:\/\/www.enerjigazetesi.ist\/en\/wp-json\/wp\/v2\/comments?post=85527"}],"version-history":[{"count":0,"href":"https:\/\/www.enerjigazetesi.ist\/en\/wp-json\/wp\/v2\/pages\/85527\/revisions"}],"up":[{"embeddable":true,"href":"https:\/\/www.enerjigazetesi.ist\/en\/wp-json\/wp\/v2\/pages\/7492"}],"wp:attachment":[{"href":"https:\/\/www.enerjigazetesi.ist\/en\/wp-json\/wp\/v2\/media?parent=85527"}],"curies":[{"name":"wp","href":"https:\/\/api.w.org\/{rel}","templated":true}]}}