{"id":85525,"date":"2019-03-29T10:43:50","date_gmt":"2019-03-29T07:43:50","guid":{"rendered":"https:\/\/www.enerjigazetesi.ist\/?page_id=85525"},"modified":"2019-03-29T10:46:11","modified_gmt":"2019-03-29T07:46:11","slug":"enerji-sektorunde-is-arayan-uzman-ve-muhendisler","status":"publish","type":"page","link":"https:\/\/www.enerjigazetesi.ist\/en\/enerji-sektoru-is-ilanlari-kariyer\/enerji-sektorunde-is-arayan-uzman-ve-muhendisler\/","title":{"rendered":"(Turkish) Enerji Sekt\u00f6r\u00fcnde \u0130\u015f Arayan Uzman ve M\u00fchendisler"},"content":{"rendered":"<p class=\"qtranxs-available-languages-message qtranxs-available-languages-message-en\">Sorry, this entry is only available in <a href=\"https:\/\/www.enerjigazetesi.ist\/tr\/wp-json\/wp\/v2\/pages\/85525\" class=\"qtranxs-available-language-link qtranxs-available-language-link-tr\" title=\"Turkish\">Turkish<\/a>. For the sake of viewer convenience, the content is shown below in the alternative language. You may click the link to switch the active language.<\/p><p>\u0130stanbul Bilgi \u00dcniversitesi enerji sistemleri m\u00fchendisli\u011fi 4. s\u0131n\u0131f \u00f6\u011frencisiyim. Yenilenebilir enerji alan\u0131nda ilerlemek istiyorum. Tercihen sahada aktif olarak \u00e7al\u0131\u015fabilece\u011fim staj aramaktay\u0131m. Onur \u00c7a\u011fr\u0131 K\u0131z\u0131lp\u0131nar &#8211;\u00a0<strong>Mail:<\/strong> <a href=\"mailto:cagrikzlpnr_@hotmail.com\">cagrikzlpnr_@hotmail.com<\/a>\u00a0&#8211;\u00a0<strong>Gsm:<\/strong> 0505 598 80 73<\/p>\n<hr \/>\n<p>2018 S\u00fcleyman Demirel \u00dcniversitesi&#8217;nden Enerji Sistemleri M\u00fchendisi olarak mezun oldum. Stajlar\u0131m\u0131 Kojenerasyon ve Trijenerasyon sistemleri ve Mekanik tesisat \u00fczerine yapt\u0131m. G\u00fcne\u015f enerjisi, r\u00fczgar enerjisi, \u0131s\u0131tma, so\u011futma, iklimlendirme, do\u011falgaz, biyogaz, enerji verimlili\u011fi vb. dahil enerji ile ilgili alanlarda tecr\u00fcbe edinebilirim. Adaptasyon sorunu ya\u015famayan, ekiple uyumlu \u00e7al\u0131\u015fan, fikirlere sayg\u0131l\u0131, liderlik yapabilecek, \u00e7al\u0131\u015fkan bir ki\u015fili\u011fe sahibim. Demirci o\u011flu M\u00fchendislik ( ZetaCAD program\u0131 ile do\u011fal gaz tesisat projesi \u00e7izmeyi, Mekanik tesisatlar hakk\u0131nda bilgiler edindim) Projelendirme, Bak\u0131m ve Onar\u0131m, \u00dcretim, Enerji Verimlili\u011fi, Kalite Kontrol alanlar\u0131nda i\u015f aray\u0131\u015f\u0131m s\u00fcrmektedir.<br \/>\nTolgahan KARACAN &#8211; <strong>Gsm:<\/strong>\u00a0+90 536 368 50 93 &#8211; <strong>Mail:\u00a0<\/strong><a href=\"mailto:tolgahan4071@gmail.com\" target=\"_blank\" rel=\"noopener\">tolgahan4071@gmail.com<\/a><\/p>\n<hr \/>\n<p>2015 Kocaeli \u00dcniversitesi <strong>\u0130n\u015faat M\u00fchendisli\u011fi<\/strong>\u00a0mezunuyum. Yenilenebilir enerji alan\u0131nda \u00e7al\u0131\u015fmak istedi\u011fim i\u00e7in Kocaeli \u00dcniversitesi <strong>Enerji Sistemleri M\u00fchendisli\u011fi<\/strong>\u2019nde Y\u00fcksek Lisans\u0131ma devam etmekteyim.\u00a0\u00d6ncelikle <strong>g\u00fcne\u015f enerjisi <\/strong>ba\u015fta olmak \u00fczere <strong>yenilenebilir enerji<\/strong> alan\u0131nda faaliyet g\u00f6steren kendimi bu alanda geli\u015ftirebilece\u011fim ve konstr\u00fcksiyon tasar\u0131m alan\u0131nda da destek verebilece\u011fim bir firmada \u00e7al\u0131\u015fmak istemekteyim. Bengisu KAYIK\u00c7I &#8211; <strong>Gsm: <\/strong>0546 860 46 88\u00a0 <strong>Mail:<\/strong> <a href=\"mailto:bengisukayikci@gmail.com\" target=\"_blank\" rel=\"noopener\">bengisukayikci@gmail.com<\/a><\/p>\n<hr \/>\n<p>KTO Karatay \u00dcniversitesi Enerji Y\u00f6netimi <strong>4.\u00fcnc\u00fc s\u0131n\u0131f<\/strong> \u00f6\u011frencisiyim. Enerji hukuku, y\u00f6netimi, temel d\u00fczeyde m\u00fchendislik &amp; pazarlama, emisyon ticareti alanlar\u0131nda ilerleyerek kendimi geli\u015fmek ve enerji sekt\u00f6r\u00fcn\u00fcn i\u00e7erisinde yer almak istemekteyim. Semih \u00dcnald\u0131 &#8211;\u00a0<strong>Gsm:<\/strong> 0546 455 30 58 &#8211;\u00a0<strong>Mail:<\/strong> <a href=\"mailto:Semihu07@gmail.com\" target=\"_blank\" rel=\"noopener\">Semihu07@gmail.com<\/a><\/p>\n<hr \/>\n<p>Sel\u00e7uk \u00dcniversitesi <strong>Elektrik-Elektronik M\u00fchendisli\u011fi<\/strong> mezunuyum. Ankara&#8217;da ikamet etmekteyim. Bilgi ve birikimimi geli\u015ftirerek hizmet edece\u011fim kurumlara olumlu y\u00f6nde katk\u0131lar sa\u011flamak istemekteyim. Mehmet ATAY &#8211;\u00a0<strong>Gsm:<\/strong> 0506 988 66 86 &#8211; <strong>Mail:\u00a0<\/strong><a href=\"mailto:mhmtatay@yahoo.com\" target=\"_blank\" rel=\"noopener\">mhmtatay@yahoo.com<\/a><\/p>\n<hr \/>\n<p>\u0130stanbul Okan \u00dcniversitesi End\u00fcstri M\u00fchendisli\u011fi b\u00f6l\u00fcm\u00fcn\u00fc tam burslu okudum, T\u00fcrkiye genelinde \u00e7ok say\u0131da y\u00fcksek kapasitelerde g\u00fcne\u015f enerjisi santral kurulumlar\u0131nda yer ald\u0131m, pasaportum var, askerli\u011fimi yapt\u0131m. Soner KUTLUT\u00dcRK &#8211; <strong>Gsm:\u00a0<\/strong>0538 935 45 32 &#8211; <strong>Mail:\u00a0<\/strong><a href=\"mailto:soner_kut@hotmail.com\" target=\"_blank\" rel=\"noopener\">soner_kut@hotmail.com<\/a><\/p>\n<hr \/>\n<p>Kocaeli \u00dcniversitesi <strong>Enerji Sistemleri M\u00fchendisli\u011fi\u00a0<\/strong>mezunuyum. \u0130zmir&#8217;de ya\u015f\u0131yorum. Enerji Sistemleri ile ilgili olarak <em>Enerji Verimlili\u011fi, R\u00fczgar T\u00fcrbinleri Verimlilik Hesaplamalar\u0131, G\u00fcne\u015f Panelleri<\/em> i\u00e7 yap\u0131s\u0131 konular\u0131nda \u00e7al\u0131\u015fmalar yapt\u0131m. \u015eu anda Ege \u00dcniversitesi <strong>\u0130\u015fletme Y\u00f6netimi Y\u00fcksek Lisans Program\u0131&#8217;nda (MBA)<\/strong> e\u011fitim hayat\u0131ma devam etmekteyim. Enerji Sekt\u00f6r\u00fc&#8217;nde\u00a0<strong>\u0130zmir<\/strong> ve <strong>Manisa<\/strong> b\u00f6lgelerinde i\u015f aramaktay\u0131m. Bahad\u0131r Y\u00d6R\u00dcK &#8211; <strong>Gsm:<\/strong>\u00a00506 923 30 94 &#8211;\u00a0<strong>Mail:<\/strong>\u00a0<a href=\"mailto:bahadiryor@gmail.com\">bahadiryor@gmail.com<\/a><\/p>\n<hr \/>\n<p>19 May\u0131s \u00dcniversitesi <strong>Elektrik Elektronik M\u00fchendisiyim<\/strong>\u00a0i\u015f tecr\u00fcbem ve bilgi birikimimle enerji \u015firketlerine katk\u0131 sa\u011flamak istiyorum. Yenilenebilir enerji alan\u0131nda kendimi geli\u015ftirmek istiyorum. Daha \u00f6nce GES sahalar\u0131nda farkl\u0131 firmalarda \u00e7e\u015fitli g\u00f6revlerde \u00e7al\u0131\u015ft\u0131m. Erdi AKY\u00dcZ &#8211; <strong>Gsm:<\/strong> +90 542 786 19 92 &#8211; <strong>Mail:<\/strong>\u00a0<a href=\"mailto:erdiakyuz111@gmail.com\" target=\"_blank\" rel=\"noopener\">erdiakyuz111@gmail.com<\/a><\/p>\n<hr \/>\n<p>&nbsp;<\/p>","protected":false},"excerpt":{"rendered":"<p>Sorry, this entry is only available in Turkish. For the sake of viewer convenience, the content is shown below in the alternative language. You may click the link to switch the active language.\u0130stanbul Bilgi \u00dcniversitesi enerji sistemleri m\u00fchendisli\u011fi 4. s\u0131n\u0131f \u00f6\u011frencisiyim. Yenilenebilir enerji alan\u0131nda ilerlemek istiyorum. Tercihen sahada aktif olarak \u00e7al\u0131\u015fabilece\u011fim staj aramaktay\u0131m. Onur \u00c7a\u011fr\u0131 [&hellip;]<\/p>\n","protected":false},"author":1,"featured_media":0,"parent":7492,"menu_order":0,"comment_status":"closed","ping_status":"closed","template":"","meta":[],"_links":{"self":[{"href":"https:\/\/www.enerjigazetesi.ist\/en\/wp-json\/wp\/v2\/pages\/85525"}],"collection":[{"href":"https:\/\/www.enerjigazetesi.ist\/en\/wp-json\/wp\/v2\/pages"}],"about":[{"href":"https:\/\/www.enerjigazetesi.ist\/en\/wp-json\/wp\/v2\/types\/page"}],"author":[{"embeddable":true,"href":"https:\/\/www.enerjigazetesi.ist\/en\/wp-json\/wp\/v2\/users\/1"}],"replies":[{"embeddable":true,"href":"https:\/\/www.enerjigazetesi.ist\/en\/wp-json\/wp\/v2\/comments?post=85525"}],"version-history":[{"count":0,"href":"https:\/\/www.enerjigazetesi.ist\/en\/wp-json\/wp\/v2\/pages\/85525\/revisions"}],"up":[{"embeddable":true,"href":"https:\/\/www.enerjigazetesi.ist\/en\/wp-json\/wp\/v2\/pages\/7492"}],"wp:attachment":[{"href":"https:\/\/www.enerjigazetesi.ist\/en\/wp-json\/wp\/v2\/media?parent=85525"}],"curies":[{"name":"wp","href":"https:\/\/api.w.org\/{rel}","templated":true}]}}