{"id":76055,"date":"2018-11-05T13:05:31","date_gmt":"2018-11-05T10:05:31","guid":{"rendered":"https:\/\/www.enerjigazetesi.ist\/?page_id=76055"},"modified":"2018-11-05T13:09:09","modified_gmt":"2018-11-05T10:09:09","slug":"salih-uzgun","status":"publish","type":"page","link":"https:\/\/www.enerjigazetesi.ist\/en\/kose-yazarlarimiz-ve-yazilari\/salih-uzgun\/","title":{"rendered":"(Turkish) Salih \u00dcZG\u00dcN | T\u00fcm K\u00f6\u015fe Yaz\u0131lar\u0131"},"content":{"rendered":"<p class=\"qtranxs-available-languages-message qtranxs-available-languages-message-en\">Sorry, this entry is only available in <a href=\"https:\/\/www.enerjigazetesi.ist\/tr\/wp-json\/wp\/v2\/pages\/76055\" class=\"qtranxs-available-language-link qtranxs-available-language-link-tr\" title=\"Turkish\">Turkish<\/a>. For the sake of viewer convenience, the content is shown below in the alternative language. You may click the link to switch the active language.<\/p><p><a href=\"https:\/\/www.enerjigazetesi.ist\/enerji-kimlik-belgesinin-yasal-suresi-icin-geri-sayim-basladi\/\">Enerji Kimlik Belgesi\u2019nin Yasal S\u00fcresi \u0130\u00e7in Geri Say\u0131m Ba\u015flad\u0131!<\/a><\/p>\n<p><a href=\"https:\/\/www.enerjigazetesi.ist\/simdi-enerji-kimlik-belgesini-uygun-fiyata-almanin-tam-vakti\/\">\u015eimdi Enerji Kimlik Belgesi\u2019ni Uygun Fiyata Alman\u0131n Tam Vakti!<\/a><\/p>\n<p><a href=\"https:\/\/www.enerjigazetesi.ist\/enerji-kimlik-belgesi-ekb-olmayan-binalar-dikkat\/\">Enerji Kimlik Belgesi ( EKB ) Olmayan Binalar Dikkat!<\/a><\/p>\n<p><a title=\"Al\u0131nan Enerji Kimlik Belgesi ( EKB ) Say\u0131s\u0131 674 Bine Ula\u015ft\u0131\u2026\" href=\"https:\/\/www.enerjigazetesi.ist\/alinan-enerji-kimlik-belgesi-ekb-sayisi-674-bine-ulasti\/\" rel=\"bookmark\">Al\u0131nan Enerji Kimlik Belgesi ( EKB ) Say\u0131s\u0131 674 Bine Ula\u015ft\u0131\u2026<\/a><\/p>\n<p><a title=\"Son 570 G\u00fcn Kala\u2026 Enerji Kimlik Belgesi Zorunlulu\u011fu\" href=\"https:\/\/www.enerjigazetesi.ist\/son-570-gun-kala-enerji-kimlik-belgesi-zorunlulugu\/\" rel=\"bookmark\">Son 570 G\u00fcn Kala\u2026 Enerji Kimlik Belgesi Zorunlulu\u011fu<\/a><\/p>","protected":false},"excerpt":{"rendered":"<p>Sorry, this entry is only available in Turkish. For the sake of viewer convenience, the content is shown below in the alternative language. You may click the link to switch the active language.Enerji Kimlik Belgesi\u2019nin Yasal S\u00fcresi \u0130\u00e7in Geri Say\u0131m Ba\u015flad\u0131! \u015eimdi Enerji Kimlik Belgesi\u2019ni Uygun Fiyata Alman\u0131n Tam Vakti! Enerji Kimlik Belgesi ( EKB [&hellip;]<\/p>\n","protected":false},"author":1,"featured_media":0,"parent":18284,"menu_order":0,"comment_status":"closed","ping_status":"closed","template":"","meta":[],"_links":{"self":[{"href":"https:\/\/www.enerjigazetesi.ist\/en\/wp-json\/wp\/v2\/pages\/76055"}],"collection":[{"href":"https:\/\/www.enerjigazetesi.ist\/en\/wp-json\/wp\/v2\/pages"}],"about":[{"href":"https:\/\/www.enerjigazetesi.ist\/en\/wp-json\/wp\/v2\/types\/page"}],"author":[{"embeddable":true,"href":"https:\/\/www.enerjigazetesi.ist\/en\/wp-json\/wp\/v2\/users\/1"}],"replies":[{"embeddable":true,"href":"https:\/\/www.enerjigazetesi.ist\/en\/wp-json\/wp\/v2\/comments?post=76055"}],"version-history":[{"count":6,"href":"https:\/\/www.enerjigazetesi.ist\/en\/wp-json\/wp\/v2\/pages\/76055\/revisions"}],"predecessor-version":[{"id":81562,"href":"https:\/\/www.enerjigazetesi.ist\/en\/wp-json\/wp\/v2\/pages\/76055\/revisions\/81562"}],"up":[{"embeddable":true,"href":"https:\/\/www.enerjigazetesi.ist\/en\/wp-json\/wp\/v2\/pages\/18284"}],"wp:attachment":[{"href":"https:\/\/www.enerjigazetesi.ist\/en\/wp-json\/wp\/v2\/media?parent=76055"}],"curies":[{"name":"wp","href":"https:\/\/api.w.org\/{rel}","templated":true}]}}