{"id":7492,"date":"2019-01-15T17:45:09","date_gmt":"2019-01-15T14:45:09","guid":{"rendered":"https:\/\/www.enerjigazetesi.ist\/?page_id=7492"},"modified":"2019-01-19T16:30:40","modified_gmt":"2019-01-19T13:30:40","slug":"enerji-sektoru-is-ilanlari-kariyer","status":"publish","type":"page","link":"https:\/\/www.enerjigazetesi.ist\/en\/enerji-sektoru-is-ilanlari-kariyer\/","title":{"rendered":"(Turkish) Enerji Sekt\u00f6r\u00fc \u0130\u015f \u0130lan\u0131 \/ \u0130lanlar\u0131 ve Kariyer"},"content":{"rendered":"<p class=\"qtranxs-available-languages-message qtranxs-available-languages-message-en\">Sorry, this entry is only available in <a href=\"https:\/\/www.enerjigazetesi.ist\/tr\/wp-json\/wp\/v2\/pages\/7492\" class=\"qtranxs-available-language-link qtranxs-available-language-link-tr\" title=\"Turkish\">Turkish<\/a>. For the sake of viewer convenience, the content is shown below in the alternative language. You may click the link to switch the active language.<\/p><p><\/p>\n<h1>Enerji Sekt\u00f6r\u00fc \u0130\u015f \u0130lan\u0131 \/ \u0130lanlar\u0131 ve Kariyer<\/h1>\n<p><span style=\"color: #ff0000;\">Enerji Sekt\u00f6r\u00fcne Y\u00f6nelik Bireysel ve Kurumsal \u0130\u015f \u0130lanlar\u0131n\u0131z\u0131 Yay\u0131nlatmak \u0130\u00e7in <a href=\"mailto:info@enerjigazetesi.ist\" target=\"_blank\" rel=\"noopener\">info@enerjigazetesi.ist<\/a>&#8216;e mail atabilirsiniz.<\/span><\/p>\n<p style=\"text-align: center;\"><strong><a href=\"https:\/\/www.enerjigazetesi.ist\/enerji-sektoru-is-ilanlari-kariyer\/enerji-sektorunde-is-arayan-uzman-ve-muhendisler\/\">\u0130\u015f Aray\u0131\u015f\u0131nda Olan Uzmanlar<\/a> | <a href=\"https:\/\/www.enerjigazetesi.ist\/enerji-sektoru-is-ilanlari-kariyer\/enerji-sektorunde-uzman-ve-muhendis-arayan-kurumsal-sirket-ve-firmalar\/\">Uzman Aray\u0131\u015f\u0131nda Olan Firmalar<\/a><\/strong><\/p>\n<p><!-- Jooble REST API --><\/p>\n<div id=\"joobleVacancyBox\" style=\"font-family:'Trebuchet MS'\">\n<p>    <input id=\"joobleVacancyOnPage\" type=\"hidden\" value=\"20\"\/><br \/>\n    <input id=\"joobleCharsAroundCurrentPage\" type=\"hidden\" value=\"3\"\/><br \/>\n    <input id=\"joobleCountry\" type=\"hidden\" value=\"tr\"\/><br \/>\n    <input id=\"joobleWaitMessage\" type=\"hidden\" value=\"Please wait a moment while we're retrieving the job listings\"\/><br \/>\n    <input id=\"joobleKey\" type=\"hidden\" value=\"e3b7357d-a915-4a60-9f62-44495b00bf6b\"\/><\/p>\n<p>    <input id=\"joobleKeyword\" type=\"search\"  placeholder=\"G\u00f6rev\" value=\"enerji\" style=\"max-width:100%\" onkeyup=\"if(event.keyCode==13){joobleAPI.newSearch()}\"  \/><br \/>\n    <input id=\"joobleLocation\" type=\"search\" placeholder=\"Konum\"  value=\"\" style=\"max-width:100%\" onkeyup=\"if(event.keyCode==13){joobleAPI.newSearch()}\" \/><br \/>\n    <button id=\"joobleButton\" onClick=\"joobleAPI.newSearch()\">Ara!<\/button><\/p>\n<div id=\"joobleNumVacancy\"><span> &#8211; <\/span> toplam <span> &#8211; <\/span> sonu\u00e7<\/div>\n<div id=\"joobleVacancy\"><\/div>\n<div id=\"jooblePageing\"><\/div>\n<div id=\"joobleStaticLink\"><a href=\"https:\/\/tr.jooble.org\/i%C5%9F-ilanlar%C4%B1-enerji\" target=\"blank\">Jobs by Jooble<\/a><br \/><a href=\"https:\/\/tr.jooble.org\" target=\"blank\">T\u00fcrkiye i\u015f ilanlar\u0131<\/a><br \/><a href=\"https:\/\/jooble.org\" target=\"blank\">\u0130\u015f arama motoru<\/a><\/div>\n<\/div>\n<link rel=\"stylesheet\" type=\"text\/css\" href=\"http:\/\/api.jooble.org\/joobleapi.classic.css\"\/>\n<script type=\"text\/javascript\" src=\"http:\/\/api.jooble.org\/joobleapi.js\"><\/script><br \/>\n<!-- Jooble REST API --><br \/>\n<\/p>","protected":false},"excerpt":{"rendered":"<p>Sorry, this entry is only available in Turkish. For the sake of viewer convenience, the content is shown below in the alternative language. You may click the link to switch the active language. Enerji Sekt\u00f6r\u00fc \u0130\u015f \u0130lan\u0131 \/ \u0130lanlar\u0131 ve Kariyer Enerji Sekt\u00f6r\u00fcne Y\u00f6nelik Bireysel ve Kurumsal \u0130\u015f \u0130lanlar\u0131n\u0131z\u0131 Yay\u0131nlatmak \u0130\u00e7in info@enerjigazetesi.ist&#8216;e mail atabilirsiniz. \u0130\u015f [&hellip;]<\/p>\n","protected":false},"author":1,"featured_media":0,"parent":0,"menu_order":0,"comment_status":"open","ping_status":"closed","template":"","meta":[],"_links":{"self":[{"href":"https:\/\/www.enerjigazetesi.ist\/en\/wp-json\/wp\/v2\/pages\/7492"}],"collection":[{"href":"https:\/\/www.enerjigazetesi.ist\/en\/wp-json\/wp\/v2\/pages"}],"about":[{"href":"https:\/\/www.enerjigazetesi.ist\/en\/wp-json\/wp\/v2\/types\/page"}],"author":[{"embeddable":true,"href":"https:\/\/www.enerjigazetesi.ist\/en\/wp-json\/wp\/v2\/users\/1"}],"replies":[{"embeddable":true,"href":"https:\/\/www.enerjigazetesi.ist\/en\/wp-json\/wp\/v2\/comments?post=7492"}],"version-history":[{"count":49,"href":"https:\/\/www.enerjigazetesi.ist\/en\/wp-json\/wp\/v2\/pages\/7492\/revisions"}],"predecessor-version":[{"id":65995,"href":"https:\/\/www.enerjigazetesi.ist\/en\/wp-json\/wp\/v2\/pages\/7492\/revisions\/65995"}],"wp:attachment":[{"href":"https:\/\/www.enerjigazetesi.ist\/en\/wp-json\/wp\/v2\/media?parent=7492"}],"curies":[{"name":"wp","href":"https:\/\/api.w.org\/{rel}","templated":true}]}}