{"id":6,"date":"2024-04-03T08:00:03","date_gmt":"2024-04-03T05:00:03","guid":{"rendered":"https:\/\/www.enerjigazetesi.ist\/?page_id=6"},"modified":"2024-04-03T13:42:00","modified_gmt":"2024-04-03T10:42:00","slug":"kunye","status":"publish","type":"page","link":"https:\/\/www.enerjigazetesi.ist\/en\/kunye\/","title":{"rendered":"Tag Information"},"content":{"rendered":"<p><strong><span style=\"text-decoration: underline;\">Representing the<\/span> Concession Holder on behalf of the Energy Newspaper;<\/strong><\/p>\n<div>\n<p>&nbsp;<\/p>\n<div><strong>Kurucu Genel Yay\u0131n Y\u00f6netmeni \/ Editor in Chief\u00a0<\/strong><\/div>\n<p>Sarp ALTINEL &#8211; sarp.altinel@enerjigazetesi.ist<\/p>\n<p>&nbsp;<\/p>\n<p><strong>Haber M\u00fcd\u00fcr\u00fc \/ News Manager<\/strong><\/p>\n<p>B\u00fc\u015fra ERTA\u015e &#8211;\u00a0busra.ertas@enerjigazetesi.ist<\/p>\n<p>&nbsp;<\/p>\n<p><strong>K\u0131demli Edit\u00f6r ve Yazar \/\u00a0 Senior Editors and\u00a0Author<\/strong><\/p>\n<p>\u00c7i\u011fdem YORGANCIO\u011eLU &#8211;\u00a0cigdem.yorgancioglu@enerjigazetesi.ist<\/p>\n<p>&nbsp;<\/p>\n<p><strong>Edit\u00f6rler \/ Editors<\/strong><\/p>\n<p>Emrecan Y\u00dcCEL &#8211; emrecan.yucel@enerjigazetesi.ist<\/p>\n<p>Berkan KARTAL &#8211; berkan.kartal@enerjigazetesi.ist<\/p>\n<p>Ferhat AKBABA &#8211; ferhat.akbaba@enerjigazetesi.ist<\/p>\n<p>Dervi\u015f KORKMAZ &#8211; dervis.korkmaz@enerjigazetesi.ist<\/p>\n<p>\u015eeyma G\u00d6R\u00dcR &#8211; seyma.gorur@enerjigazetesi.ist<\/p>\n<p>&nbsp;<\/p>\n<p><strong>Jeotermal Enerji Kategori Edit\u00f6r\u00fc \/ Geothermal Energy Category Editor<\/strong><\/p>\n<p>B\u00fc\u015fra ERTA\u015e &#8211;\u00a0busra.ertas@enerjigazetesi.ist<\/p>\n<div><strong>R\u00fczgar Enerji Kategori Edit\u00f6r\u00fc \/ Wind Energy Category Editor<\/strong><\/div>\n<\/div>\n<p>Zeynep TEKER &#8211;\u00a0zeynep.teker@enerjigazetesi.ist<\/p>\n<div>\n<p><strong>Ki\u015fisel Geli\u015fim ve Psikoloji Edit\u00f6r\u00fc \/ Personal Development and Psychology Editor<\/strong><\/p>\n<p>Alperen ERTA\u015e &#8211; alperen.ertas@enerjigazetesi.ist<\/p>\n<p>&nbsp;<\/p>\n<p><strong>Halkla \u0130li\u015fkiler \/ PR <\/strong><\/p>\n<p>Dilara SAKAO\u011eLU &#8211; dilara.sakaoglu@enerjigazetesi.ist<\/p>\n<p>&nbsp;<\/p>\n<p><strong>Gece Edit\u00f6r\u00fc \/ Night Shift Editors<\/strong><\/p>\n<p>Sarp ALTINEL &#8211; sarp.altinel@enerjigazetesi.ist<\/p>\n<p>&nbsp;<\/p>\n<p><strong>Hukuk ve Enerji Dan\u0131\u015fma Kurulu \/ Law and Energy Advisory Board<\/strong><\/p>\n<p>Av. N.Sena AKBA\u015e &#8211; av.nursenasinsi@gmail.com<\/p>\n<p>Y. M\u00fch. \u0130lknur YILMAZ &#8211; ilknur.yilmaz@enerjigazetesi.ist<\/p>\n<p>&nbsp;<\/p>\n<p><strong>E-Posta : <\/strong><a href=\"mailto:info@enerjigazetesi.ist\" target=\"_blank\" rel=\"noopener\">info@enerjigazetesi.ist<\/a><\/p>\n<p>&nbsp;<\/p>\n<p><strong>Whatsapp &#8211; Gsm\u00a0Destek Hatt\u0131 \/\u00a0Support Line : <\/strong><a href=\"https:\/\/api.whatsapp.com\/send?phone=905327656109\" target=\"_blank\" rel=\"nofollow noopener\">+90 532\u00a0765 61 09<\/a><\/p>\n<p>&nbsp;<\/p>\n<p><strong>Servis Sa\u011flay\u0131c\u0131 : <\/strong>IHS<\/p>\n<p>&nbsp;<\/p>\n<p><strong>Adres : <\/strong>\u0130stanbul \/ T\u00fcrkiye<\/p>\n<p>&nbsp;<\/p>\n<p><strong>Web Sitesi : <\/strong><a href=\"https:\/\/www.enerjigazetesi.ist\" target=\"_blank\" rel=\"noopener\">www.enerjigazetesi.ist<\/a><\/p>\n<\/div>\n<p><\/p>","protected":false},"excerpt":{"rendered":"<p>Representing the Concession Holder on behalf of the Energy Newspaper; &nbsp; Kurucu Genel Yay\u0131n Y\u00f6netmeni \/ Editor in Chief\u00a0 Sarp ALTINEL &#8211; sarp.altinel@enerjigazetesi.ist &nbsp; Haber M\u00fcd\u00fcr\u00fc \/ News Manager B\u00fc\u015fra ERTA\u015e &#8211;\u00a0busra.ertas@enerjigazetesi.ist &nbsp; K\u0131demli Edit\u00f6r ve Yazar \/\u00a0 Senior Editors and\u00a0Author \u00c7i\u011fdem YORGANCIO\u011eLU &#8211;\u00a0cigdem.yorgancioglu@enerjigazetesi.ist &nbsp; Edit\u00f6rler \/ Editors Emrecan Y\u00dcCEL &#8211; emrecan.yucel@enerjigazetesi.ist Berkan KARTAL &#8211; [&hellip;]<\/p>\n","protected":false},"author":1,"featured_media":0,"parent":0,"menu_order":0,"comment_status":"open","ping_status":"closed","template":"","meta":[],"_links":{"self":[{"href":"https:\/\/www.enerjigazetesi.ist\/en\/wp-json\/wp\/v2\/pages\/6"}],"collection":[{"href":"https:\/\/www.enerjigazetesi.ist\/en\/wp-json\/wp\/v2\/pages"}],"about":[{"href":"https:\/\/www.enerjigazetesi.ist\/en\/wp-json\/wp\/v2\/types\/page"}],"author":[{"embeddable":true,"href":"https:\/\/www.enerjigazetesi.ist\/en\/wp-json\/wp\/v2\/users\/1"}],"replies":[{"embeddable":true,"href":"https:\/\/www.enerjigazetesi.ist\/en\/wp-json\/wp\/v2\/comments?post=6"}],"version-history":[{"count":123,"href":"https:\/\/www.enerjigazetesi.ist\/en\/wp-json\/wp\/v2\/pages\/6\/revisions"}],"predecessor-version":[{"id":186591,"href":"https:\/\/www.enerjigazetesi.ist\/en\/wp-json\/wp\/v2\/pages\/6\/revisions\/186591"}],"wp:attachment":[{"href":"https:\/\/www.enerjigazetesi.ist\/en\/wp-json\/wp\/v2\/media?parent=6"}],"curies":[{"name":"wp","href":"https:\/\/api.w.org\/{rel}","templated":true}]}}