{"id":426,"date":"2021-04-07T11:45:22","date_gmt":"2021-04-07T08:45:22","guid":{"rendered":"https:\/\/www.enerjigazetesi.ist\/?page_id=426"},"modified":"2026-02-12T12:48:39","modified_gmt":"2026-02-12T09:48:39","slug":"bizi-destekleyenler","status":"publish","type":"page","link":"https:\/\/www.enerjigazetesi.ist\/en\/bizi-destekleyenler\/","title":{"rendered":"(Turkish) Bizi Destekleyenler"},"content":{"rendered":"<p class=\"qtranxs-available-languages-message qtranxs-available-languages-message-en\">Sorry, this entry is only available in <a href=\"https:\/\/www.enerjigazetesi.ist\/tr\/wp-json\/wp\/v2\/pages\/426\" class=\"qtranxs-available-language-link qtranxs-available-language-link-tr\" title=\"Turkish\">Turkish<\/a>. For the sake of viewer convenience, the content is shown below in the alternative language. You may click the link to switch the active language.<\/p><p>&nbsp;<\/p>\n<table border=\"0\" width=\"197\" cellspacing=\"0\" cellpadding=\"1\" align=\"left\">\n<tbody>\n<tr>\n<td style=\"font-weight: bold; color: #95a905; font-size: 12px;\"><center>\u0130nsan Kaynaklar\u0131 Partneri<\/center><\/td>\n<\/tr>\n<tr>\n<td><a href=\"https:\/\/tr.jooble.org\/i%C5%9F-ilanlar%C4%B1-enerji\" target=\"_blank\" rel=\"nofollow noopener\"><img loading=\"lazy\" class=\"size-full wp-image-61053 aligncenter\" src=\"https:\/\/www.enerjigazetesi.ist\/wp-content\/uploads\/2016\/10\/jooble_old.png\" alt=\"jooble_old\" width=\"135\" height=\"103\" srcset=\"https:\/\/www.enerjigazetesi.ist\/wp-content\/uploads\/2016\/10\/jooble_old.png 135w, https:\/\/www.enerjigazetesi.ist\/wp-content\/uploads\/2016\/10\/jooble_old-65x50.png 65w\" sizes=\"(max-width: 135px) 100vw, 135px\" \/><\/a><\/td>\n<td><\/td>\n<\/tr>\n<tr>\n<td style=\"font-weight: bold; color: #95a905; font-size: 12px;\"><center>Enerji Verimlili\u011fi Kategorisi \u00dcyesi<\/center><\/td>\n<\/tr>\n<tr>\n<td><a href=\"https:\/\/sehatek.com.tr\/enerji-kimlik-belgesi\/\" target=\"_blank\" rel=\"noopener\"><img loading=\"lazy\" class=\"aligncenter wp-image-67087\" src=\"https:\/\/www.enerjigazetesi.ist\/wp-content\/uploads\/2017\/08\/sehatek-evd-enerji-verimliligi.png\" alt=\"sehatek-evd-enerji-verimliligi\" width=\"150\" height=\"66\" srcset=\"https:\/\/www.enerjigazetesi.ist\/wp-content\/uploads\/2017\/08\/sehatek-evd-enerji-verimliligi.png 300w, https:\/\/www.enerjigazetesi.ist\/wp-content\/uploads\/2017\/08\/sehatek-evd-enerji-verimliligi-80x35.png 80w\" sizes=\"(max-width: 150px) 100vw, 150px\" \/><\/a><\/td>\n<td><\/td>\n<\/tr>\n<tr>\n<td style=\"font-weight: bold; color: #95a905; font-size: 12px;\"><center>Enerji Y\u00f6netimi \u00dcyesi<\/center><\/td>\n<\/tr>\n<tr>\n<td><a href=\"http:\/\/iesteknoloji.com\/\" target=\"_blank\" rel=\"nofollow noopener\"><img loading=\"lazy\" class=\"aligncenter wp-image-67957\" src=\"https:\/\/www.enerjigazetesi.ist\/wp-content\/uploads\/2017\/09\/logo-300x45.png\" alt=\"\" width=\"157\" height=\"24\" srcset=\"https:\/\/www.enerjigazetesi.ist\/wp-content\/uploads\/2017\/09\/logo-300x45.png 300w, https:\/\/www.enerjigazetesi.ist\/wp-content\/uploads\/2017\/09\/logo-80x12.png 80w, https:\/\/www.enerjigazetesi.ist\/wp-content\/uploads\/2017\/09\/logo.png 499w\" sizes=\"(max-width: 157px) 100vw, 157px\" \/><\/a><\/td>\n<td><\/td>\n<\/tr>\n<tr>\n<td style=\"font-weight: bold; color: #95a905; font-size: 12px;\"><\/td>\n<\/tr>\n<tr>\n<td style=\"text-align: center;\"><a href=\"http:\/\/www.ozbilgin.org\/\" target=\"_blank\" rel=\"nofollow noopener\">\u00d6zbilgin Enerji M\u00fch.Dan\u0131\u015f.<\/a><a href=\"http:\/\/www.ozbilgin.org\/\" target=\"_blank\" rel=\"nofollow noopener\"><img loading=\"lazy\" class=\"aligncenter wp-image-68351\" src=\"https:\/\/www.enerjigazetesi.ist\/wp-content\/uploads\/2017\/10\/ozbilgin.jpg\" alt=\"\" width=\"88\" height=\"86\" \/><\/a><\/td>\n<\/tr>\n<\/tbody>\n<\/table>\n<p><\/p>","protected":false},"excerpt":{"rendered":"<p>Sorry, this entry is only available in Turkish. For the sake of viewer convenience, the content is shown below in the alternative language. You may click the link to switch the active language.&nbsp; \u0130nsan Kaynaklar\u0131 Partneri Enerji Verimlili\u011fi Kategorisi \u00dcyesi Enerji Y\u00f6netimi \u00dcyesi \u00d6zbilgin Enerji M\u00fch.Dan\u0131\u015f.<\/p>\n","protected":false},"author":1,"featured_media":0,"parent":0,"menu_order":0,"comment_status":"open","ping_status":"closed","template":"","meta":[],"_links":{"self":[{"href":"https:\/\/www.enerjigazetesi.ist\/en\/wp-json\/wp\/v2\/pages\/426"}],"collection":[{"href":"https:\/\/www.enerjigazetesi.ist\/en\/wp-json\/wp\/v2\/pages"}],"about":[{"href":"https:\/\/www.enerjigazetesi.ist\/en\/wp-json\/wp\/v2\/types\/page"}],"author":[{"embeddable":true,"href":"https:\/\/www.enerjigazetesi.ist\/en\/wp-json\/wp\/v2\/users\/1"}],"replies":[{"embeddable":true,"href":"https:\/\/www.enerjigazetesi.ist\/en\/wp-json\/wp\/v2\/comments?post=426"}],"version-history":[{"count":48,"href":"https:\/\/www.enerjigazetesi.ist\/en\/wp-json\/wp\/v2\/pages\/426\/revisions"}],"predecessor-version":[{"id":70232,"href":"https:\/\/www.enerjigazetesi.ist\/en\/wp-json\/wp\/v2\/pages\/426\/revisions\/70232"}],"wp:attachment":[{"href":"https:\/\/www.enerjigazetesi.ist\/en\/wp-json\/wp\/v2\/media?parent=426"}],"curies":[{"name":"wp","href":"https:\/\/api.w.org\/{rel}","templated":true}]}}