{"id":3731,"date":"2012-11-22T14:14:07","date_gmt":"2012-11-22T11:14:07","guid":{"rendered":"https:\/\/www.enerjigazetesi.ist\/?page_id=3731"},"modified":"2012-11-22T14:46:18","modified_gmt":"2012-11-22T11:46:18","slug":"yenilenebilir-enerji-kaynaklari","status":"publish","type":"page","link":"https:\/\/www.enerjigazetesi.ist\/en\/enerji-kutuphanesi\/yenilenebilir-enerji-kaynaklari\/","title":{"rendered":"(Turkish) Yenilenebilir Enerji Kaynaklar\u0131"},"content":{"rendered":"<p class=\"qtranxs-available-languages-message qtranxs-available-languages-message-en\">Sorry, this entry is only available in <a href=\"https:\/\/www.enerjigazetesi.ist\/tr\/wp-json\/wp\/v2\/pages\/3731\" class=\"qtranxs-available-language-link qtranxs-available-language-link-tr\" title=\"Turkish\">Turkish<\/a>. For the sake of viewer convenience, the content is shown below in the alternative language. You may click the link to switch the active language.<\/p><p><\/p>\n<table width=\"100%\" border=\"0\">\n<tbody>\n<tr>\n<td valign=\"top\">\n<ul>\n<li><a href=\"https:\/\/www.enerjigazetesi.ist\/enerji-kutuphanesi\/yenilenebilir-enerji-kaynaklari\/ruzgar-enerjisi\/\">R\u00fczgar (RES)<\/a><\/li>\n<li><a href=\"https:\/\/www.enerjigazetesi.ist\/enerji-kutuphanesi\/yenilenebilir-enerji-kaynaklari\/gunes-enerjisi\/\">G\u00fcne\u015f<\/a><\/li>\n<li><a href=\"https:\/\/www.enerjigazetesi.ist\/enerji-kutuphanesi\/yenilenebilir-enerji-kaynaklari\/jeotermal-enerji\">Jeotermal<\/a><\/li>\n<li><a href=\"https:\/\/www.enerjigazetesi.ist\/enerji-kutuphanesi\/yenilenebilir-enerji-kaynaklari\/hidroelektrik-enerjisi\">Hidroelektrik<\/a><\/li>\n<li><a href=\"https:\/\/www.enerjigazetesi.ist\/enerji-kutuphanesi\/yenilenebilir-enerji-kaynaklari\/biyokutle-enerjisi\">Biyok\u00fctle ( Biyodizel &#8211; Biyoatanol &#8211; Biyogaz )<\/a><\/li>\n<\/ul>\n<p>&nbsp;<\/p>\n<ul>\n<li><a href=\"http:\/\/www.eie.gov.tr\/yenilenebilir\/YEKDEM.aspx\" target=\"_blank\">Yenilenebilir Enerji Kaynaklar\u0131 Destekleme Mekanizmas\u0131 (YEKDEM)<\/a><\/li>\n<li><a href=\"http:\/\/www.yegm.gov.tr\/il_enerji.aspx\" target=\"_blank\">T\u00fcrkiye \u0130l Baz\u0131nda Enerji G\u00f6r\u00fcn\u00fcmleri<\/a><\/li>\n<li><a href=\"http:\/\/www.yegm.gov.tr\/yenilenebilir\/y_mevzuat.aspx\" target=\"_blank\">\u0130lgili Mevzuat<\/a><\/li>\n<\/ul>\n<\/td>\n<\/tr>\n<\/tbody>\n<\/table>\n<p><\/p>","protected":false},"excerpt":{"rendered":"<p>Sorry, this entry is only available in Turkish. For the sake of viewer convenience, the content is shown below in the alternative language. You may click the link to switch the active language. R\u00fczgar (RES) G\u00fcne\u015f Jeotermal Hidroelektrik Biyok\u00fctle ( Biyodizel &#8211; Biyoatanol &#8211; Biyogaz ) &nbsp; Yenilenebilir Enerji Kaynaklar\u0131 Destekleme Mekanizmas\u0131 (YEKDEM) T\u00fcrkiye \u0130l [&hellip;]<\/p>\n","protected":false},"author":1,"featured_media":0,"parent":3648,"menu_order":0,"comment_status":"open","ping_status":"open","template":"","meta":[],"_links":{"self":[{"href":"https:\/\/www.enerjigazetesi.ist\/en\/wp-json\/wp\/v2\/pages\/3731"}],"collection":[{"href":"https:\/\/www.enerjigazetesi.ist\/en\/wp-json\/wp\/v2\/pages"}],"about":[{"href":"https:\/\/www.enerjigazetesi.ist\/en\/wp-json\/wp\/v2\/types\/page"}],"author":[{"embeddable":true,"href":"https:\/\/www.enerjigazetesi.ist\/en\/wp-json\/wp\/v2\/users\/1"}],"replies":[{"embeddable":true,"href":"https:\/\/www.enerjigazetesi.ist\/en\/wp-json\/wp\/v2\/comments?post=3731"}],"version-history":[{"count":9,"href":"https:\/\/www.enerjigazetesi.ist\/en\/wp-json\/wp\/v2\/pages\/3731\/revisions"}],"predecessor-version":[{"id":3736,"href":"https:\/\/www.enerjigazetesi.ist\/en\/wp-json\/wp\/v2\/pages\/3731\/revisions\/3736"}],"up":[{"embeddable":true,"href":"https:\/\/www.enerjigazetesi.ist\/en\/wp-json\/wp\/v2\/pages\/3648"}],"wp:attachment":[{"href":"https:\/\/www.enerjigazetesi.ist\/en\/wp-json\/wp\/v2\/media?parent=3731"}],"curies":[{"name":"wp","href":"https:\/\/api.w.org\/{rel}","templated":true}]}}