{"id":3727,"date":"2012-11-22T13:14:31","date_gmt":"2012-11-22T10:14:31","guid":{"rendered":"https:\/\/www.enerjigazetesi.ist\/?page_id=3727"},"modified":"2013-03-06T13:21:27","modified_gmt":"2013-03-06T10:21:27","slug":"faydali-linkler","status":"publish","type":"page","link":"https:\/\/www.enerjigazetesi.ist\/en\/enerji-kutuphanesi\/faydali-linkler\/","title":{"rendered":"(Turkish) Faydal\u0131 Linkler"},"content":{"rendered":"<p class=\"qtranxs-available-languages-message qtranxs-available-languages-message-en\">Sorry, this entry is only available in <a href=\"https:\/\/www.enerjigazetesi.ist\/tr\/wp-json\/wp\/v2\/pages\/3727\" class=\"qtranxs-available-language-link qtranxs-available-language-link-tr\" title=\"Turkish\">Turkish<\/a>. For the sake of viewer convenience, the content is shown below in the alternative language. You may click the link to switch the active language.<\/p><p><\/p>\n<table width=\"100%\" border=\"0\">\n<tbody>\n<tr>\n<td>\n<table width=\"517\" border=\"0\" cellpadding=\"0\">\n<tbody>\n<tr>\n<td>&#8211; <a href=\"http:\/\/www.enerji.gov.tr\/\" target=\"_blank\">T.C. ENERJ\u0130 VE TAB\u0130 KAYNAKLAR BAKANLI\u011eI<\/a><\/td>\n<\/tr>\n<tr>\n<td>&#8211; <a href=\"http:\/\/www.cevreorman.gov.tr\/\" target=\"_blank\">T.C. \u00c7EVRE VE ORMAN BAKANLI\u011eI <\/a><\/td>\n<\/tr>\n<tr>\n<td>&#8211; <a href=\"http:\/\/www.sanayi.gov.tr\/\" target=\"_blank\">T.C. SANAY\u0130 VE T\u0130CARET BAKANLI\u011eI<\/a><\/td>\n<\/tr>\n<tr>\n<td>&#8211; <a href=\"http:\/\/www.dpt.gov.tr\/\" target=\"_blank\">T.C. BA\u015eBAKANLIK DEVLET PLANLAMA TE\u015eK\u0130LATI<\/a><\/td>\n<\/tr>\n<tr>\n<td>&#8211; <a href=\"http:\/\/www.die.gov.tr\/\" target=\"_blank\">T.C. BA\u015eBAKANLIK T\u00dcRK\u0130YE \u0130STA\u0130TST\u0130K KURUMU<\/a><\/td>\n<\/tr>\n<tr>\n<td>&#8211; <a href=\"http:\/\/www.epdk.gov.tr\/\" target=\"_blank\">T.C. ENERJ\u0130 P\u0130YASASI D\u00dcZENLEME KURUMU<\/a><\/td>\n<\/tr>\n<tr>\n<td>&#8211; <a href=\"http:\/\/www.pigm.gov.tr\/\" target=\"_blank\">T.C. PETROL \u0130\u015eLER\u0130 GENEL M\u00dcD\u00dcRL\u00dc\u011e\u00dc<\/a><\/td>\n<\/tr>\n<tr>\n<td>&#8211; <a href=\"http:\/\/www.eie.gov.tr\/\" target=\"_blank\">ELEKTR\u0130K \u0130\u015eLER\u0130 ET\u00dcT \u0130DARES\u0130 GENEL M\u00dcD\u00dcRL\u00dc\u011e\u00dc<\/a><\/td>\n<\/tr>\n<tr>\n<td>&#8211; <a href=\"http:\/\/www.teias.gov.tr\/\" target=\"_blank\">T\u00fcrkiye Elektrik \u0130letim A.\u015e. (TE\u0130A\u015e)<\/a><\/td>\n<\/tr>\n<tr>\n<td>&#8211; <a href=\"http:\/\/www.tedas.gov.tr\/\" target=\"_blank\">T\u00dcRK\u0130YE ELEKTR\u0130K DA\u011eITIM A.\u015e. (TEDA\u015e)<\/a><\/td>\n<\/tr>\n<tr>\n<td>&#8211; <a href=\"http:\/\/www.taek.gov.tr\/\" target=\"_blank\">T\u00dcRK\u0130YE ATOM ENERJ\u0130S\u0130 KURUMU<\/a><\/td>\n<\/tr>\n<tr>\n<td>&#8211; <a href=\"http:\/\/www.tubitak.gov.tr\/\" target=\"_blank\">T\u00dcRK\u0130YE B\u0130L\u0130MSEL VE TEKNOLOJ\u0130K ARA\u015eTIRMA KURUMU (TUB\u0130TAK)<\/a><\/td>\n<\/tr>\n<tr>\n<td>&#8211; <a href=\"http:\/\/www.igdas.com.tr\/\" target=\"_blank\">\u0130STANBUL GAZ DA\u011eITIM SANAY\u0130 VE T\u0130CARET A.\u015e. (\u0130GDA\u015e)<\/a><\/td>\n<\/tr>\n<tr>\n<td>&#8211; <a href=\"http:\/\/www.tpao.gov.tr\/\" target=\"_blank\">T\u00dcRK\u0130YE PETROLLER\u0130 ANON\u0130M ORTAKLI\u011eI<\/a><\/td>\n<\/tr>\n<tr>\n<td>&#8211; <a href=\"http:\/\/www.oecd.org\/\" target=\"_blank\">OECD &#8211; ULUSLARARASI ENERJ\u0130 AJANSI<\/a><\/td>\n<\/tr>\n<tr>\n<td>&#8211; <a href=\"http:\/\/www.erranet.org\/\" target=\"_blank\">ERRA &#8211; ENERJ\u0130 D\u00dcZENLEME KURULU\u015eLARI B\u0130RL\u0130\u011e\u0130<\/a><\/td>\n<\/tr>\n<tr>\n<td>&#8211; <a href=\"http:\/\/www.tbmm.gov.tr\/\" target=\"_blank\">T\u00dcK\u0130YE B\u00dcY\u00dcK M\u0130LLET MECL\u0130S\u0130<\/a><\/td>\n<\/tr>\n<tr>\n<td>&#8211; <a href=\"http:\/\/www.basbakanlik.gov.tr\/\" target=\"_blank\">T.C. BA\u015eBAKANLIK<\/a><\/td>\n<\/tr>\n<tr>\n<td>&#8211; <a href=\"http:\/\/www.dektmk.org.tr\/\" target=\"_blank\">World Energy Council Turkish National Committee<\/a><\/td>\n<\/tr>\n<tr>\n<td>&#8211; <a href=\"http:\/\/www.wwindea.org\/home\/index.php\" target=\"_blank\">D\u00fcnya R\u00fczgar Enerjisi Birli\u011fi<\/a><\/td>\n<\/tr>\n<tr>\n<td>&#8211; <a href=\"http:\/\/www.tmmob.org.tr\/\" target=\"_blank\">M\u0130MAR VE M\u00dcHEND\u0130SLER GRUBU<\/a><\/td>\n<\/tr>\n<tr>\n<td>&#8211; <a href=\"http:\/\/www.botas.gov.tr\/\" target=\"_blank\">BORU HATLARI \u0130LE PETROL TA\u015eIMA A.\u015e.<\/a><\/td>\n<\/tr>\n<tr>\n<td>&#8211; <a href=\"http:\/\/www.iski.gov.tr\/\" target=\"_blank\">\u0130STANBUL SU VE KANAL\u0130ZASYON \u0130DARES\u0130 (\u0130SK\u0130)<\/a><\/td>\n<\/tr>\n<tr>\n<td>&#8211; <a href=\"http:\/\/www.etimaden.gov.tr\/\" target=\"_blank\">ET\u0130 MADEN \u0130\u015eLETMELER\u0130 GENEL M\u00dcD\u00dcRL\u00dc\u011e\u00dc<\/a><\/td>\n<\/tr>\n<tr>\n<td>&#8211; <a href=\"http:\/\/www.dsi.gov.tr\/\" target=\"_blank\">DEVLET SU \u0130\u015eLER\u0130 GENEL M\u00dcD\u00dcRL\u00dc\u011e\u00dc<\/a><\/td>\n<\/tr>\n<tr>\n<td>&#8211; <a href=\"http:\/\/www.temsan.gov.tr\/\" target=\"_blank\">TEMSAN<\/a><\/td>\n<\/tr>\n<tr>\n<td>&#8211; <a href=\"http:\/\/www.euas.gov.tr\/\" target=\"_blank\">ELEKTR\u0130K \u00dcRET\u0130M A.\u015e. <\/a><\/td>\n<\/tr>\n<tr>\n<td>&#8211; <a href=\"http:\/\/www.tetas.gov.tr\/\" target=\"_blank\">T\u00dcRK\u0130YE ELEKTR\u0130K T\u0130CARET VE TAAHH\u00dcT A.\u015e.<\/a><\/td>\n<\/tr>\n<tr>\n<td>&#8211; <a href=\"http:\/\/www.mta.gov.tr\/\" target=\"_blank\">MADEN TETK\u0130K VE ARAMA GENEL M\u00dcD\u00dcRL\u00dc\u011e\u00dc<\/a><\/td>\n<\/tr>\n<\/tbody>\n<\/table>\n<p>&nbsp;<\/td>\n<\/tr>\n<\/tbody>\n<\/table>\n<p><\/p>","protected":false},"excerpt":{"rendered":"<p>Sorry, this entry is only available in Turkish. For the sake of viewer convenience, the content is shown below in the alternative language. You may click the link to switch the active language. &#8211; T.C. ENERJ\u0130 VE TAB\u0130 KAYNAKLAR BAKANLI\u011eI &#8211; T.C. \u00c7EVRE VE ORMAN BAKANLI\u011eI &#8211; T.C. SANAY\u0130 VE T\u0130CARET BAKANLI\u011eI &#8211; T.C. BA\u015eBAKANLIK [&hellip;]<\/p>\n","protected":false},"author":1,"featured_media":0,"parent":3648,"menu_order":0,"comment_status":"open","ping_status":"open","template":"","meta":[],"_links":{"self":[{"href":"https:\/\/www.enerjigazetesi.ist\/en\/wp-json\/wp\/v2\/pages\/3727"}],"collection":[{"href":"https:\/\/www.enerjigazetesi.ist\/en\/wp-json\/wp\/v2\/pages"}],"about":[{"href":"https:\/\/www.enerjigazetesi.ist\/en\/wp-json\/wp\/v2\/types\/page"}],"author":[{"embeddable":true,"href":"https:\/\/www.enerjigazetesi.ist\/en\/wp-json\/wp\/v2\/users\/1"}],"replies":[{"embeddable":true,"href":"https:\/\/www.enerjigazetesi.ist\/en\/wp-json\/wp\/v2\/comments?post=3727"}],"version-history":[{"count":5,"href":"https:\/\/www.enerjigazetesi.ist\/en\/wp-json\/wp\/v2\/pages\/3727\/revisions"}],"predecessor-version":[{"id":7809,"href":"https:\/\/www.enerjigazetesi.ist\/en\/wp-json\/wp\/v2\/pages\/3727\/revisions\/7809"}],"up":[{"embeddable":true,"href":"https:\/\/www.enerjigazetesi.ist\/en\/wp-json\/wp\/v2\/pages\/3648"}],"wp:attachment":[{"href":"https:\/\/www.enerjigazetesi.ist\/en\/wp-json\/wp\/v2\/media?parent=3727"}],"curies":[{"name":"wp","href":"https:\/\/api.w.org\/{rel}","templated":true}]}}