{"id":3690,"date":"2012-11-22T11:48:30","date_gmt":"2012-11-22T08:48:30","guid":{"rendered":"https:\/\/www.enerjigazetesi.ist\/?page_id=3690"},"modified":"2012-11-23T18:34:23","modified_gmt":"2012-11-23T15:34:23","slug":"mevzuatlar","status":"publish","type":"page","link":"https:\/\/www.enerjigazetesi.ist\/en\/enerji-kutuphanesi\/mevzuatlar\/","title":{"rendered":"(Turkish) Mevzuatlar"},"content":{"rendered":"<p class=\"qtranxs-available-languages-message qtranxs-available-languages-message-en\">Sorry, this entry is only available in <a href=\"https:\/\/www.enerjigazetesi.ist\/tr\/wp-json\/wp\/v2\/pages\/3690\" class=\"qtranxs-available-language-link qtranxs-available-language-link-tr\" title=\"Turkish\">Turkish<\/a>. For the sake of viewer convenience, the content is shown below in the alternative language. You may click the link to switch the active language.<\/p><p><\/p>\n<table width=\"100%\" border=\"0\">\n<tbody>\n<tr>\n<td>\n<ul>\n<li class=\"yeni1_link\"><a class=\"yeni1_link\" href=\"http:\/\/www.enve.com.tr\/dosya\/EnVerKanunu_Temmuz2008.pdf\" target=\"_blank\">5627 Say\u0131l\u0131 Enerji Verimlili\u011fi Kanunu (02\/05\/2007 )<\/a><\/li>\n<li class=\"yeni1_link\"><a class=\"yeni1_link\" href=\"http:\/\/www.enve.com.tr\/dosya\/Binalarda_Enerji_Performansi_Yonetmeligi.doc\" target=\"_blank\">Bina Enerji Performans\u0131 Y\u00f6netmeli\u011fi (5\/12\/2008)<\/a><\/li>\n<li class=\"yeni1_link\"><a class=\"yeni1_link\" href=\"http:\/\/www.enve.com.tr\/dosya\/Enerji_kaynaklarinin_ve_enerjinin_kullaniminda_verimliligin_artirilmasina_dair_yonetmelik_BakanlikYonetmelik27102011.doc\" target=\"_blank\">Enerji Kaynaklar\u0131n\u0131n ve Enerjinin Kullan\u0131m\u0131nda Verimlili\u011fin Art\u0131r\u0131lmas\u0131na Dair Y\u00f6netmelik (27\/10\/2011)<\/a><\/li>\n<li class=\"yeni1_link\"><a class=\"yeni1_link\" href=\"http:\/\/www.enve.com.tr\/dosya\/Ulasimda_Enerji_Verimliligi_Yonetmeligi.doc\" target=\"_blank\">Ula\u015f\u0131mda Enerji Verimlili\u011finin Art\u0131r\u0131lmas\u0131na \u0130li\u015fkin Usul ve Esaslar Hakkinda Y\u00f6netmelik (09\/06\/2008)<\/a><\/li>\n<li class=\"yeni1_link\"><a class=\"yeni1_link\" href=\"http:\/\/www.enve.com.tr\/dosya\/Merkezi_Isitma_Sihhi_Sicak_Su_Yonetmeligi.doc\" target=\"_blank\">Merkezi Is\u0131tma ve S\u0131hhi S\u0131cak Su Sistemlerinde Isinma ve Sihhi Sicak Su Giderlerinin Payla\u015ft\u0131r\u0131lmas\u0131na \u0130li\u015fkin Y\u00f6netmelik (14\/04\/2008)<\/a><\/li>\n<li class=\"yeni1_link\"><a class=\"yeni1_link\" href=\"http:\/\/www.enve.com.tr\/dosya\/TANITMA_VE_KULLANMA_KILAVUZU.doc\" target=\"_blank\">Tan\u0131tma Ve Kullanma K\u0131lavuzu Uygulama Esaslar\u0131na Dair Y\u00f6netmelikte De\u011fi\u015fiklik Yap\u0131lmas\u0131 Hakk\u0131nda Y\u00f6netmelik (14\/06\/2003)<\/a><\/li>\n<li class=\"yeni1_link\"><a class=\"yeni1_link\" href=\"http:\/\/www.resmi-gazete.org\/sayi\/2964\/binalarda-si-yalitimi-yonetmeligi.html\" target=\"_blank\">Binalarda Is\u0131 Yal\u0131t\u0131m\u0131 Y\u00f6netmeli\u011fi, 9 Ekim 2008\u00a0<\/a><\/li>\n<li class=\"yeni1_link\"><a class=\"yeni1_link\" href=\"http:\/\/www.ankarayd.org\/ydyonetmelik.htm\" target=\"_blank\">Yap\u0131 Denetimi Uygulama Usul ve Esaslar\u0131 Y\u00f6netmeli\u011fi, 12 A\u011fustos 2001<\/a><\/li>\n<li class=\"yeni1_link\"><a class=\"yeni1_link\" href=\"http:\/\/www.enve.com.tr\/dosya\/gorevlendirme-bina.xls\" target=\"_blank\">Bina \u0130\u00e7in Enerji Y\u00f6neticisi G\u00f6revlendirme Formu<\/a><\/li>\n<li class=\"yeni1_link\"><a class=\"yeni1_link\" href=\"http:\/\/www.enve.com.tr\/dosya\/gorevlendirme-sanayi_OSB.xls\" target=\"_blank\">Sanayi\/OSB i\u00e7in Enerji Y\u00f6neticisi G\u00f6revlendirme Formu<\/a><\/li>\n<li class=\"yeni1_link\"><a href=\"https:\/\/www.enerjigazetesi.ist\/tekstil-tebligi.pdf\" target=\"_blank\">\u00c7evre ve \u015eehircilik Bakanl\u0131\u011f\u0131: Tekstil Sekt\u00f6r\u00fcnde Entegre Kirlilik \u00d6nleme ve Kontrol Tebli\u011fi <\/a><\/li>\n<\/ul>\n<p class=\"uzmanasorunMaintext style2\" align=\"justify\">\n<\/td>\n<\/tr>\n<tr>\n<td align=\"center\"><\/td>\n<\/tr>\n<\/tbody>\n<\/table>\n<p><\/p>","protected":false},"excerpt":{"rendered":"<p>Sorry, this entry is only available in Turkish. For the sake of viewer convenience, the content is shown below in the alternative language. You may click the link to switch the active language. 5627 Say\u0131l\u0131 Enerji Verimlili\u011fi Kanunu (02\/05\/2007 ) Bina Enerji Performans\u0131 Y\u00f6netmeli\u011fi (5\/12\/2008) Enerji Kaynaklar\u0131n\u0131n ve Enerjinin Kullan\u0131m\u0131nda Verimlili\u011fin Art\u0131r\u0131lmas\u0131na Dair Y\u00f6netmelik (27\/10\/2011) [&hellip;]<\/p>\n","protected":false},"author":1,"featured_media":0,"parent":3648,"menu_order":0,"comment_status":"open","ping_status":"open","template":"","meta":[],"_links":{"self":[{"href":"https:\/\/www.enerjigazetesi.ist\/en\/wp-json\/wp\/v2\/pages\/3690"}],"collection":[{"href":"https:\/\/www.enerjigazetesi.ist\/en\/wp-json\/wp\/v2\/pages"}],"about":[{"href":"https:\/\/www.enerjigazetesi.ist\/en\/wp-json\/wp\/v2\/types\/page"}],"author":[{"embeddable":true,"href":"https:\/\/www.enerjigazetesi.ist\/en\/wp-json\/wp\/v2\/users\/1"}],"replies":[{"embeddable":true,"href":"https:\/\/www.enerjigazetesi.ist\/en\/wp-json\/wp\/v2\/comments?post=3690"}],"version-history":[{"count":9,"href":"https:\/\/www.enerjigazetesi.ist\/en\/wp-json\/wp\/v2\/pages\/3690\/revisions"}],"predecessor-version":[{"id":3692,"href":"https:\/\/www.enerjigazetesi.ist\/en\/wp-json\/wp\/v2\/pages\/3690\/revisions\/3692"}],"up":[{"embeddable":true,"href":"https:\/\/www.enerjigazetesi.ist\/en\/wp-json\/wp\/v2\/pages\/3648"}],"wp:attachment":[{"href":"https:\/\/www.enerjigazetesi.ist\/en\/wp-json\/wp\/v2\/media?parent=3690"}],"curies":[{"name":"wp","href":"https:\/\/api.w.org\/{rel}","templated":true}]}}