{"id":35245,"date":"2016-01-26T11:28:55","date_gmt":"2016-01-26T08:28:55","guid":{"rendered":"https:\/\/www.enerjigazetesi.ist\/?page_id=35245"},"modified":"2016-01-26T13:19:13","modified_gmt":"2016-01-26T10:19:13","slug":"c-can-tutasi","status":"publish","type":"page","link":"https:\/\/www.enerjigazetesi.ist\/en\/kose-yazarlarimiz-ve-yazilari\/c-can-tutasi\/","title":{"rendered":"(Turkish) C. Can Tuta\u015f\u0131"},"content":{"rendered":"<p class=\"qtranxs-available-languages-message qtranxs-available-languages-message-en\">Sorry, this entry is only available in <a href=\"https:\/\/www.enerjigazetesi.ist\/tr\/wp-json\/wp\/v2\/pages\/35245\" class=\"qtranxs-available-language-link qtranxs-available-language-link-tr\" title=\"Turkish\">Turkish<\/a>. For the sake of viewer convenience, the content is shown below in the alternative language. You may click the link to switch the active language.<\/p><p><a href=\"https:\/\/www.enerjigazetesi.ist\/yorum-kur-farkinin-ges-yatirimlarina-etkisi\/\">Yorum: Kur Fark\u0131n\u0131n GES Yat\u0131r\u0131mlar\u0131na Etkisi\u2026<\/a><\/p>\n<p><a href=\"https:\/\/www.enerjigazetesi.ist\/lisanssiz-ges-raporu-gecici-kabul-sayisi-287yi-buldu\/\">Lisanss\u0131z Ges Raporu: Ge\u00e7ici Kabul Say\u0131s\u0131 287\u2032yi Buldu!<\/a><\/p>\n<p><a href=\"https:\/\/www.enerjigazetesi.ist\/kose-yazisi-lisanssiz-elektrik-uretim-raporu\/\">Lisanss\u0131z Elektrik \u00dcretim Raporu<\/a><\/p>\n<p><a href=\"https:\/\/www.enerjigazetesi.ist\/makale-heslerin-uretim-ve-kurulu-gucteki-durum-degerlendirmesi\/\">HES\u2019lerin \u00dcretim ve Kurulu G\u00fc\u00e7teki Durum De\u011ferlendirmesi<\/a><\/p>\n<p><a href=\"https:\/\/www.enerjigazetesi.ist\/kurakligin-elektrik-uretimine-olumsuz-etkisi\/\">Kurakl\u0131\u011f\u0131n Elektrik \u00dcretimine Olumsuz Etkisi!<\/a><\/p>\n<p><a href=\"https:\/\/www.enerjigazetesi.ist\/ruzgar-enerjisinin-dunu-bugunu-ve-yarini\/\">R\u00fczgar Enerjisi\u2019nin D\u00fcn\u00fc, Bug\u00fcn\u00fc ve Yar\u0131n\u0131\u2026<\/a><\/p>\n<p><a href=\"https:\/\/www.enerjigazetesi.ist\/serbest-tuketici-olma-yolunda-bilgilendirme\/\">Serbest T\u00fcketici Olma Yolunda Bilgilendirme!<\/a><\/p>\n<p><a href=\"https:\/\/www.enerjigazetesi.ist\/gunes-enerjisinde-yerli-urunlerin-kullaniminin-etkisi\/\">G\u00fcne\u015f Enerjisinde Yerli \u00dcr\u00fcnlerin Kullan\u0131m\u0131n\u0131n Etkisi\u2026<\/a><\/p>","protected":false},"excerpt":{"rendered":"<p>Sorry, this entry is only available in Turkish. For the sake of viewer convenience, the content is shown below in the alternative language. You may click the link to switch the active language.Yorum: Kur Fark\u0131n\u0131n GES Yat\u0131r\u0131mlar\u0131na Etkisi\u2026 Lisanss\u0131z Ges Raporu: Ge\u00e7ici Kabul Say\u0131s\u0131 287\u2032yi Buldu! Lisanss\u0131z Elektrik \u00dcretim Raporu HES\u2019lerin \u00dcretim ve Kurulu G\u00fc\u00e7teki [&hellip;]<\/p>\n","protected":false},"author":1,"featured_media":0,"parent":18284,"menu_order":0,"comment_status":"open","ping_status":"open","template":"","meta":[],"_links":{"self":[{"href":"https:\/\/www.enerjigazetesi.ist\/en\/wp-json\/wp\/v2\/pages\/35245"}],"collection":[{"href":"https:\/\/www.enerjigazetesi.ist\/en\/wp-json\/wp\/v2\/pages"}],"about":[{"href":"https:\/\/www.enerjigazetesi.ist\/en\/wp-json\/wp\/v2\/types\/page"}],"author":[{"embeddable":true,"href":"https:\/\/www.enerjigazetesi.ist\/en\/wp-json\/wp\/v2\/users\/1"}],"replies":[{"embeddable":true,"href":"https:\/\/www.enerjigazetesi.ist\/en\/wp-json\/wp\/v2\/comments?post=35245"}],"version-history":[{"count":5,"href":"https:\/\/www.enerjigazetesi.ist\/en\/wp-json\/wp\/v2\/pages\/35245\/revisions"}],"predecessor-version":[{"id":49585,"href":"https:\/\/www.enerjigazetesi.ist\/en\/wp-json\/wp\/v2\/pages\/35245\/revisions\/49585"}],"up":[{"embeddable":true,"href":"https:\/\/www.enerjigazetesi.ist\/en\/wp-json\/wp\/v2\/pages\/18284"}],"wp:attachment":[{"href":"https:\/\/www.enerjigazetesi.ist\/en\/wp-json\/wp\/v2\/media?parent=35245"}],"curies":[{"name":"wp","href":"https:\/\/api.w.org\/{rel}","templated":true}]}}