{"id":3347,"date":"2012-11-09T17:30:55","date_gmt":"2012-11-09T14:30:55","guid":{"rendered":"https:\/\/www.enerjigazetesi.ist\/?page_id=3347"},"modified":"2016-12-12T13:18:16","modified_gmt":"2016-12-12T10:18:16","slug":"yasal-uyarilar","status":"publish","type":"page","link":"https:\/\/www.enerjigazetesi.ist\/en\/yasal-uyarilar\/","title":{"rendered":"(Turkish) Yasal Uyar\u0131lar ve Site Kullan\u0131m Ko\u015fullar\u0131"},"content":{"rendered":"<p class=\"qtranxs-available-languages-message qtranxs-available-languages-message-en\">Sorry, this entry is only available in <a href=\"https:\/\/www.enerjigazetesi.ist\/tr\/wp-json\/wp\/v2\/pages\/3347\" class=\"qtranxs-available-language-link qtranxs-available-language-link-tr\" title=\"Turkish\">Turkish<\/a>. For the sake of viewer convenience, the content is shown below in the alternative language. You may click the link to switch the active language.<\/p><p><strong>Site Kullan\u0131m Ko\u015fullar\u0131 ve Yasal Uyar\u0131lar:<\/strong><\/p>\n<p>&#8211; <strong>EnerjiGazetesi.ist\u2019te\u00a0<\/strong>\u00a0orijinal i\u00e7eri\u011fine sad\u0131k kal\u0131nmak ve\u00a0kaynak \u00a0linki vermek \/ g\u00f6stermek suretiyle her t\u00fcrl\u00fc al\u0131nt\u0131 yap\u0131labilmekte ve ticari ama\u00e7 g\u00fctmeden kullan\u0131labilinmektedir.<\/p>\n<p>&#8211; Sitemiz de yay\u0131nlanan yaz\u0131, resim ve haberlerin her hakk\u0131 sakl\u0131d\u0131r. Kaynak g\u00f6sterilmeden kullan\u0131lamaz, \u00e7o\u011falt\u0131lamaz ve yay\u0131mlanamaz.<\/p>\n<p>&#8211; Yay\u0131nlanan t\u00fcm yaz\u0131 ve kategorilerinden, imtiyaz sahibini temsil eden site sorumlusu \/ y\u00f6neticisi ve yaz\u0131 yorumlar\u0131ndan ise yazan ki\u015filer tamamen sorumludur.<\/p>\n<p>&#8211; <strong>EnerjiGazetesi.ist\u00a0<\/strong>al\u0131nt\u0131 haber, yaz\u0131 vb. konularda i\u00e7eri\u011fin do\u011frulu\u011funu garanti etmez, yaz\u0131lar orijinal kaynaklara ba\u011fl\u0131 olarak al\u0131n\u0131p aktar\u0131lmaktad\u0131r. Bu haberlerde sorumluluk ilgili kaynakta belirtilmi\u015f olan sitenin sorumlulu\u011fundad\u0131r.( (Bkz: Site Alt\u0131 Kaynak\u00e7a Linki )<\/p>\n<p><strong>EnerjiGazetesi.ist<\/strong>\u00a0gerekti\u011fi durumlarda ise haberi kendi imkan ve ekipmanlar\u0131 ile ger\u00e7ekle\u015ftirerek yay\u0131ma haz\u0131rlamakta ve haberi tarafs\u0131zl\u0131k ilkesi do\u011frultusunda da gerekti\u011finde \u00a0geli\u015ftirip d\u00fczeltme yaparak yay\u0131ma almaktad\u0131r. (Bkz: Site Alt\u0131 Kaynak\u00e7a Linki )<\/p>\n<p>&#8211; <strong>EnerjiGazetesi.ist<\/strong>\u00a0yay\u0131mlad\u0131\u011f\u0131 haberlerde kulland\u0131\u011f\u0131 g\u00f6rselleri tematik veya temsili \u00f6zel ar\u015fiv resimleri olabildi\u011fi gibi, haberi birebir yans\u0131tan g\u00f6r\u00fcnt\u00fclerde kullanmaktad\u0131r. Gazetemiz haberlerde kullan\u0131lan resimlerden dolay\u0131 hi\u00e7bir sorumluluk \u00fcstlenmemektedir.<\/p>\n<p>&#8211;<strong> Enerji<\/strong> sekt\u00f6r\u00fcnde, tarafs\u0131z ilkeli habercilik anlay\u0131\u015f\u0131n\u0131 benimsemi\u015f ola<strong>EnerjiGazetesi.ist<\/strong>, \u00e7\u0131karlar\u0131 u\u011fruna hi\u00e7bir taraf\u0131n menfaatini g\u00f6zetmeksizin yay\u0131m hayat\u0131n\u0131 ilkeli ve tarafs\u0131zl\u0131k anlay\u0131\u015f\u0131 ile s\u00fcrd\u00fcrmektedir.<\/p>\n<p>&#8211; \u015eu anda <strong>EnerjiGazetesi.ist\u00a0<\/strong>web sitesine \u00a0eri\u015ferek,\u00a0 sitenin \u015fu an okudu\u011funuz <em>kullan\u0131m \u015fartlar\u0131n\u0131 ve yasal uyar\u0131lar\u0131<\/em>\u00a0kabul etmi\u015f olmaktas\u0131n\u0131z. Enerji Gazetesi&#8217;nin k\u0131smen veya t\u00fcm\u00fcyle kullan\u0131m\u0131 bu yasal uyar\u0131lar \u00e7er\u00e7evesinde ger\u00e7ekle\u015fmektedir.<\/p>","protected":false},"excerpt":{"rendered":"<p>Sorry, this entry is only available in Turkish. For the sake of viewer convenience, the content is shown below in the alternative language. You may click the link to switch the active language.Site Kullan\u0131m Ko\u015fullar\u0131 ve Yasal Uyar\u0131lar: &#8211; EnerjiGazetesi.ist\u2019te\u00a0\u00a0orijinal i\u00e7eri\u011fine sad\u0131k kal\u0131nmak ve\u00a0kaynak \u00a0linki vermek \/ g\u00f6stermek suretiyle her t\u00fcrl\u00fc al\u0131nt\u0131 yap\u0131labilmekte ve ticari [&hellip;]<\/p>\n","protected":false},"author":1,"featured_media":0,"parent":0,"menu_order":0,"comment_status":"open","ping_status":"open","template":"","meta":[],"_links":{"self":[{"href":"https:\/\/www.enerjigazetesi.ist\/en\/wp-json\/wp\/v2\/pages\/3347"}],"collection":[{"href":"https:\/\/www.enerjigazetesi.ist\/en\/wp-json\/wp\/v2\/pages"}],"about":[{"href":"https:\/\/www.enerjigazetesi.ist\/en\/wp-json\/wp\/v2\/types\/page"}],"author":[{"embeddable":true,"href":"https:\/\/www.enerjigazetesi.ist\/en\/wp-json\/wp\/v2\/users\/1"}],"replies":[{"embeddable":true,"href":"https:\/\/www.enerjigazetesi.ist\/en\/wp-json\/wp\/v2\/comments?post=3347"}],"version-history":[{"count":16,"href":"https:\/\/www.enerjigazetesi.ist\/en\/wp-json\/wp\/v2\/pages\/3347\/revisions"}],"predecessor-version":[{"id":59964,"href":"https:\/\/www.enerjigazetesi.ist\/en\/wp-json\/wp\/v2\/pages\/3347\/revisions\/59964"}],"wp:attachment":[{"href":"https:\/\/www.enerjigazetesi.ist\/en\/wp-json\/wp\/v2\/media?parent=3347"}],"curies":[{"name":"wp","href":"https:\/\/api.w.org\/{rel}","templated":true}]}}