{"id":209,"date":"2012-06-06T14:47:50","date_gmt":"2012-06-06T14:47:50","guid":{"rendered":"https:\/\/www.enerjigazetesi.ist\/?page_id=209"},"modified":"2016-10-23T17:53:58","modified_gmt":"2016-10-23T14:53:58","slug":"enerji-verimliligi-bilisim","status":"publish","type":"page","link":"https:\/\/www.enerjigazetesi.ist\/en\/enerji-verimliligi-bilisim\/","title":{"rendered":"(Turkish) Bili\u015fim Sekt\u00f6r\u00fcnde Enerji Verimlili\u011fi ile Merhaba&#8230;"},"content":{"rendered":"<p class=\"qtranxs-available-languages-message qtranxs-available-languages-message-en\">Sorry, this entry is only available in <a href=\"https:\/\/www.enerjigazetesi.ist\/tr\/wp-json\/wp\/v2\/pages\/209\" class=\"qtranxs-available-language-link qtranxs-available-language-link-tr\" title=\"Turkish\">Turkish<\/a>. For the sake of viewer convenience, the content is shown below in the alternative language. You may click the link to switch the active language.<\/p><p>D\u00fcnyam\u0131z&#8217;da\u00a0 Artan Enerji maliyetleri ve rekabet ko\u015fullar\u0131,\u00a0 kaynaklar\u0131n etkin kullan\u0131m\u0131n\u0131 son derece \u00f6nemli bir konu haline getirmi\u015ftir. Bu bilin\u00e7 ile <strong>s\u00fcrd\u00fcr\u00fclebilir<\/strong> bir d\u00fcnya ve \u00fclke gelece\u011fi anlay\u0131\u015f\u0131 do\u011frultusunda <strong>EnerjiGazetesi.com<\/strong>\u00a0 Ailesi Olarak yay\u0131m hayat\u0131na ba\u015flaman\u0131n mutlulu\u011fu i\u00e7indeyiz.<\/p>\n<p>Sizlerle ilk olarak;\u00a0 Greenpeace&#8217;in ara\u015ft\u0131rma\u00a0 sonu\u00e7lar\u0131\u00a0 ile haz\u0131rlanan\u00a0 &#8220;<strong>Bili\u015fim Sekt\u00f6r\u00fcnde Enerji Verimlili\u011fi \u0130le Merhaba&#8230;.&#8221; <\/strong>ba\u015fl\u0131kl\u0131\u00a0yaz\u0131 dizisini payla\u015fmak isterim.<strong><br \/>\n<\/strong><\/p>\n<p><strong>Greenpeace&#8217;in bili\u015fim teknolojileri \u015firketlerini \u00a0iklim performanslar\u0131na s\u0131ralama sonu\u00e7lar\u0131na g\u00f6re; \u00a0Cool IT Skorbord\u2019un (1) 5. versiyonunda birincili\u011fi Google, ikincili\u011fi Cisco ve \u00fc\u00e7\u00fcnc\u00fcl\u00fc\u011f\u00fc de Ericsson ald\u0131.<\/strong><\/p>\n<p>Greenpeace\u2019in geni\u015f bir kampanyas\u0131n\u0131n par\u00e7as\u0131 olan Cool IT Skorbord, Bili\u015fim Teknolojileri (BT) \u015firketlerinin k\u00fcresel karbon sal\u0131n\u0131mlar\u0131n\u0131 azaltmada yenilik\u00e7i \u00e7\u00f6z\u00fcmler bulmas\u0131n\u0131 hedefliyor. Raporda arama motoru Google, iklim konular\u0131nda di\u011fer \u015firketleri geride b\u0131rakarak birinci s\u0131rada yer ald\u0131. Google\u2019\u0131 Cisco ve Ericsson izledi.<\/p>\n<p>En son yay\u0131nlanan Cool IT skorbord, 21 tane BT \u015firketini, temiz enerji alan\u0131nda liderlik potansiyeli, temiz enerji \u00e7\u00f6z\u00fcmlerine yatk\u0131nl\u0131klar\u0131 ve enerji alan\u0131nda karar s\u00fcre\u00e7lerini etkileme kapasiteleri a\u00e7\u0131s\u0131ndan s\u0131ralad\u0131. Google\u2019\u0131 birinci s\u0131raya yerle\u015ftiren, ABD\u2019nin temiz enerji politikas\u0131n\u0131 daha g\u00fc\u00e7l\u00fc bir hale getirmek i\u00e7in verdi\u011fi destek oldu.<\/p>\n<p align=\"center\"><img loading=\"lazy\" class=\"aligncenter  wp-image-367\" title=\"enerji-verimliligi-google\" src=\"https:\/\/www.enerjigazetesi.ist\/wp-content\/uploads\/2012\/06\/277_greenpeace-300x217.jpg\" alt=\"\" width=\"464\" height=\"334\" srcset=\"https:\/\/www.enerjigazetesi.ist\/wp-content\/uploads\/2012\/06\/277_greenpeace-300x217.jpg 300w, https:\/\/www.enerjigazetesi.ist\/wp-content\/uploads\/2012\/06\/277_greenpeace-69x50.jpg 69w\" sizes=\"(max-width: 464px) 100vw, 464px\" \/><\/p>\n<p>Greenpeace Uluslararas\u0131 BT analisti Gary Cook: \u201cTeknoloji devlerinin enerji \u00fcretim ve kullan\u0131m bi\u00e7imlerini de\u011fi\u015ftirmede karar mercilerini etkileme g\u00fcc\u00fc var. Google\u2019\u0131n birinci s\u0131rada yer almas\u0131n\u0131n nedeni yenilenebilir enerjilere yat\u0131r\u0131m yapmas\u0131d\u0131r. BT sekt\u00f6r\u00fc kendini ileriyi d\u00fc\u015f\u00fcnen bir end\u00fcstri olarak g\u00f6rebilir, fakat kirli enerji end\u00fcstrisi siyasi s\u00fcre\u00e7te ve finansal pazarlarda etkisini s\u00fcrd\u00fcr\u00fcrken BT sekt\u00f6r\u00fc bu duruma sessiz kal\u0131yor\u201d dedi.<\/p>\n<p>K\u00fcresel telekom altyap\u0131s\u0131ndaki h\u0131zla geni\u015fleme ve \u2018Cloud\u2019u (2) kullanan data merkezleri \u00e7arp\u0131c\u0131 bir enerji talebi do\u011furuyor ve talebin \u00e7o\u011fu k\u00f6m\u00fcr ve dizel gibi kirli kaynaklarla kar\u015f\u0131lan\u0131yor (3). Skorbordda Google, yenilenebilir enerjiye y\u00f6nelmesi ve siyasi deste\u011fi sayesinde birinci s\u0131raya yerle\u015firken, Fuku\u015fima felaketi sonras\u0131nda g\u00f6zlerini n\u00fckleer enerjiden, yenilenebilir enerjiye do\u011fru \u00e7eviren Japon telekom\u00fcnikasyon \u015firketi Softbank s\u0131ralamada gelmi\u015f ge\u00e7mi\u015f en y\u00fcksek siyasi destek puan\u0131n\u0131 ald\u0131. Google, Cisco ve Dell altyap\u0131lar\u0131 i\u00e7in kulland\u0131klar\u0131 enerjinin y\u00fczde 20\u2019sini yenilenebilir enerjiden edindi\u011fi i\u00e7in \u00f6n plana \u00e7\u0131karken, Oracle yenilenebilir veya kirli enerji kullan\u0131m\u0131n\u0131 bildirmedi\u011fi i\u00e7in son s\u0131rada yer ald\u0131.<\/p>\n<p>Sekt\u00f6r\u00fcn en etkili markalar\u0131ndan Apple ve Facebook, bu senenin skorborduna dahil edilmediler. Apple\u2019\u0131n gayretleri, skorbord kriterlerini kar\u015f\u0131lamad\u0131\u011f\u0131 i\u00e7in dahil edilmedi. Sosyal payla\u015f\u0131m a\u011f\u0131, y\u00fcksek orandaki kar\u0131na ve b\u00fcy\u00fck nakit rezervine ra\u011fmen, liderlik g\u00f6steremedi veya rakiplerinin \u00e7o\u011funun yapt\u0131\u011f\u0131 gibi BT enerji \u00e7\u00f6z\u00fcmlerini uygulamaya sokmak i\u00e7in pazar f\u0131rsatlar\u0131n\u0131 takip etmedi. Facebook da benzer sebeplerden dolay\u0131 \u00f6nceki skorborda dahil de\u011fildi, ancak son zamanlarda politikalar\u0131n\u0131 de\u011fi\u015ftirerek ve yenilenebilir g\u00fc\u00e7l\u00fc Facebook olmay\u0131 taahh\u00fct ederek, kullan\u0131c\u0131lar\u0131n enerji kullan\u0131mlar\u0131n\u0131 kar\u015f\u0131la\u015ft\u0131rmas\u0131n\u0131 kolayla\u015ft\u0131rmak i\u00e7in Opower ile ortakl\u0131\u011f\u0131n\u0131 duyurdu. Facebook ancak \u00f6n\u00fcm\u00fczdeki y\u0131l skorborda dahil edilebilecek.<\/p>\n<p><strong>Sarp ALTINEL<\/strong><br \/>\n<strong>Genel Yay\u0131n Sorumlusu <\/strong><br \/>\n<strong>E-mail:<\/strong> info@enerjigazetesi.ist<\/p>","protected":false},"excerpt":{"rendered":"<p>Sorry, this entry is only available in Turkish. For the sake of viewer convenience, the content is shown below in the alternative language. You may click the link to switch the active language.D\u00fcnyam\u0131z&#8217;da\u00a0 Artan Enerji maliyetleri ve rekabet ko\u015fullar\u0131,\u00a0 kaynaklar\u0131n etkin kullan\u0131m\u0131n\u0131 son derece \u00f6nemli bir konu haline getirmi\u015ftir. Bu bilin\u00e7 ile s\u00fcrd\u00fcr\u00fclebilir bir d\u00fcnya [&hellip;]<\/p>\n","protected":false},"author":1,"featured_media":367,"parent":0,"menu_order":0,"comment_status":"open","ping_status":"open","template":"","meta":[],"_links":{"self":[{"href":"https:\/\/www.enerjigazetesi.ist\/en\/wp-json\/wp\/v2\/pages\/209"}],"collection":[{"href":"https:\/\/www.enerjigazetesi.ist\/en\/wp-json\/wp\/v2\/pages"}],"about":[{"href":"https:\/\/www.enerjigazetesi.ist\/en\/wp-json\/wp\/v2\/types\/page"}],"author":[{"embeddable":true,"href":"https:\/\/www.enerjigazetesi.ist\/en\/wp-json\/wp\/v2\/users\/1"}],"replies":[{"embeddable":true,"href":"https:\/\/www.enerjigazetesi.ist\/en\/wp-json\/wp\/v2\/comments?post=209"}],"version-history":[{"count":37,"href":"https:\/\/www.enerjigazetesi.ist\/en\/wp-json\/wp\/v2\/pages\/209\/revisions"}],"predecessor-version":[{"id":58417,"href":"https:\/\/www.enerjigazetesi.ist\/en\/wp-json\/wp\/v2\/pages\/209\/revisions\/58417"}],"wp:featuredmedia":[{"embeddable":true,"href":"https:\/\/www.enerjigazetesi.ist\/en\/wp-json\/wp\/v2\/media\/367"}],"wp:attachment":[{"href":"https:\/\/www.enerjigazetesi.ist\/en\/wp-json\/wp\/v2\/media?parent=209"}],"curies":[{"name":"wp","href":"https:\/\/api.w.org\/{rel}","templated":true}]}}