{"id":18342,"date":"2021-02-03T23:00:09","date_gmt":"2021-02-03T20:00:09","guid":{"rendered":"https:\/\/www.enerjigazetesi.ist\/?page_id=18342"},"modified":"2021-02-07T14:50:45","modified_gmt":"2021-02-07T11:50:45","slug":"diger-kose-yazilari","status":"publish","type":"page","link":"https:\/\/www.enerjigazetesi.ist\/en\/kose-yazarlarimiz-ve-yazilari\/diger-kose-yazilari\/","title":{"rendered":"(Turkish) Di\u011fer K\u00f6\u015fe Yaz\u0131lar\u0131"},"content":{"rendered":"<p class=\"qtranxs-available-languages-message qtranxs-available-languages-message-en\">Sorry, this entry is only available in <a href=\"https:\/\/www.enerjigazetesi.ist\/tr\/wp-json\/wp\/v2\/pages\/18342\" class=\"qtranxs-available-language-link qtranxs-available-language-link-tr\" title=\"Turkish\">Turkish<\/a>. For the sake of viewer convenience, the content is shown below in the alternative language. You may click the link to switch the active language.<\/p><p><a href=\"https:\/\/www.enerjigazetesi.ist\/kose-yazisi-turkiye-nin-gunes-enerjisi-politikasi\/\">T\u00fcrkiye\u2019nin G\u00fcne\u015f Enerjisi Politikas\u0131<\/a><\/p>\n<p><a href=\"https:\/\/www.enerjigazetesi.ist\/kose-yazisi-kuresel-yenilenebilir-enerji-atagi\/\">K\u00fcresel Yenilenebilir Enerji Ata\u011f\u0131!<\/a><\/p>\n<p><a href=\"https:\/\/www.enerjigazetesi.ist\/kose-yazisi-turkiyenin-gunesi-daha-cok-destegi-hak-ediyor\">T\u00fcrkiye\u2019nin G\u00fcne\u015fi Daha \u00c7ok Deste\u011fi Hak Ediyor&#8230;<\/a><\/p>\n<p><a href=\"https:\/\/www.enerjigazetesi.ist\/kose-yazisi-turkiye-yenilenebilir-enerji-politikasini-degistirmelidir\/\">T\u00fcrkiye Yenilenebilir Enerji Politikas\u0131n\u0131 De\u011fi\u015ftirmelidir!<\/a><\/p>\n<p><a href=\"https:\/\/www.enerjigazetesi.ist\/kose-yazisi-turkiyenin-enerji-gelecegi\/\">T\u00fcrkiye\u2019nin Enerji Gelece\u011fi&#8230;<\/a><\/p>\n<p><a href=\"https:\/\/www.enerjigazetesi.ist\/ruzgar-lisanslari-neden-iptal-ediliyor\/\">R\u00fczgar Lisanslar\u0131 Neden \u0130ptal Ediliyor?<\/a><\/p>\n<p><a href=\"https:\/\/www.enerjigazetesi.ist\/kose-yazisi-turkiyede-enerji-piyasasi-ve-epias\/\">T\u00fcrkiye\u2019de Enerji Piyasas\u0131 ve EP\u0130A\u015e&#8230;<\/a><\/p>\n<p><a href=\"https:\/\/www.enerjigazetesi.ist\/kose-yazisi-enerji-arzinin-onemi\/\">Enerji Arz\u0131n\u0131n \u00d6nemi!<\/a><\/p>\n<p><a href=\"https:\/\/www.enerjigazetesi.ist\/gunumuzde-gunes-santralleri-ve-sistemleri-ges-secim-degil-zorunluluktur\/\">G\u00fcn\u00fcm\u00fczde G\u00fcne\u015f Santralleri ve Sistemleri Bir Se\u00e7im De\u011fil Zorunluluktur!<\/a><\/p>\n<p><a href=\"https:\/\/www.enerjigazetesi.ist\/isigin-gucunu-philips-corepro-led-ampullerle-az-enerji-harcayarak-kesfedin\/\">I\u015f\u0131\u011f\u0131n G\u00fcc\u00fcn\u00fc LED Ampullerle Az Enerji Harcayarak Ke\u015ffedin!<\/a><\/p>\n<p><a href=\"https:\/\/www.enerjigazetesi.ist\/hava-kirliligi-olum-saciyor-cozum-enerji-verimliligi-ve-temiz-enerji\/\">Hava Kirlili\u011fi \u00d6l\u00fcm Sa\u00e7\u0131yor! \u00c7\u00f6z\u00fcm Enerji Verimlili\u011fi ve Temiz Enerji\u2026<\/a><\/p>\n<p><a href=\"https:\/\/www.enerjigazetesi.ist\/kose-yazisi-dunya-temiz-enerji-nin-biz-ise-komurun-pesinden-kosuyoruz\/\">K\u00f6m\u00fcr\u00fcn Karas\u0131, Yenilenebilir &amp; Temiz Enerji\u2019nin Yaras\u0131\u2026<\/a><\/p>\n<p><a href=\"https:\/\/www.enerjigazetesi.ist\/ozel-haber-ort-servetimiz-863-milyon-dolardan-821-milyona-geriledi\/\">\u00d6zel Haber: Ort. Servet\u2019imiz 863 Milyon Dolar\u2019dan 821 Milyon\u2019a Geriledi!<\/a><\/p>\n<p><a href=\"https:\/\/www.enerjigazetesi.ist\/gunes-santrali-ges-tarlasi-kurmak-istiyorum-peki-nereden-baslamaliyim\">G\u00fcne\u015f Santrali ( Ges ) &amp; Tarlas\u0131 Kurmak \u0130stiyorum Peki Nereden Ba\u015flamal\u0131y\u0131m?<\/a><\/p>\n<p><a href=\"https:\/\/www.enerjigazetesi.ist\/ges-projelerinde-devir-sorununun-cozumu-ve-lisanssiz-elektrik-yonetmeligi-duzenleme-ve-degisiklikleri\/\">Ges Projelerinde Devir Sorununun \u00c7\u00f6z\u00fcm\u00fc ve Yeni Y\u00f6netmelik De\u011fi\u015fiklikleri!<\/a><\/p>\n<p><a href=\"https:\/\/www.enerjigazetesi.ist\/kose-yazisi-ruzgar-enerjisinin-konutlarda-kullanimi\/\">R\u00fczgar Enerjisinin Konutlarda Kullan\u0131m\u0131\u2026<\/a><\/p>\n<p><a href=\"https:\/\/www.enerjigazetesi.ist\/yenilenebilir-enerji-ile-dunyanin-gidis-yonu\/\">Yenilenebilir Enerji \u0130le D\u00fcnyan\u0131n Gidi\u015f Y\u00f6n\u00fc!<\/a><\/p>\n<p><a href=\"https:\/\/www.enerjigazetesi.ist\/kose-yazisi-enerji-gundemi-ile-merhaba\/\">Enerji G\u00fcndemi \u0130le Merhaba\u2026<\/a><\/p>\n<p><a href=\"https:\/\/www.enerjigazetesi.ist\/cevre-dostu-binalar-ve-tesvikler\/\">\u00c7evre Dostu Binalar Ve Te\u015fvikler<\/a><\/p>\n<p><a href=\"https:\/\/www.enerjigazetesi.ist\/enerji-verimliligi-hakkinda-carpici-gercekler\/\">Enerji Verimlili\u011fi, Gereklili\u011fi ve \u00c7arp\u0131c\u0131 \u0130statistikler\u2026<\/a><\/p>\n<p><a href=\"https:\/\/www.enerjigazetesi.ist\/enerji-verimliligi-bilisim\/\">Bili\u015fim Sekt\u00f6r\u00fcnde Enerji Verimlili\u011fi ile Merhaba\u2026<\/a><\/p>","protected":false},"excerpt":{"rendered":"<p>Sorry, this entry is only available in Turkish. For the sake of viewer convenience, the content is shown below in the alternative language. You may click the link to switch the active language.T\u00fcrkiye\u2019nin G\u00fcne\u015f Enerjisi Politikas\u0131 K\u00fcresel Yenilenebilir Enerji Ata\u011f\u0131! T\u00fcrkiye\u2019nin G\u00fcne\u015fi Daha \u00c7ok Deste\u011fi Hak Ediyor&#8230; T\u00fcrkiye Yenilenebilir Enerji Politikas\u0131n\u0131 De\u011fi\u015ftirmelidir! T\u00fcrkiye\u2019nin Enerji Gelece\u011fi&#8230; [&hellip;]<\/p>\n","protected":false},"author":1,"featured_media":0,"parent":18284,"menu_order":0,"comment_status":"open","ping_status":"closed","template":"","meta":[],"_links":{"self":[{"href":"https:\/\/www.enerjigazetesi.ist\/en\/wp-json\/wp\/v2\/pages\/18342"}],"collection":[{"href":"https:\/\/www.enerjigazetesi.ist\/en\/wp-json\/wp\/v2\/pages"}],"about":[{"href":"https:\/\/www.enerjigazetesi.ist\/en\/wp-json\/wp\/v2\/types\/page"}],"author":[{"embeddable":true,"href":"https:\/\/www.enerjigazetesi.ist\/en\/wp-json\/wp\/v2\/users\/1"}],"replies":[{"embeddable":true,"href":"https:\/\/www.enerjigazetesi.ist\/en\/wp-json\/wp\/v2\/comments?post=18342"}],"version-history":[{"count":17,"href":"https:\/\/www.enerjigazetesi.ist\/en\/wp-json\/wp\/v2\/pages\/18342\/revisions"}],"predecessor-version":[{"id":58239,"href":"https:\/\/www.enerjigazetesi.ist\/en\/wp-json\/wp\/v2\/pages\/18342\/revisions\/58239"}],"up":[{"embeddable":true,"href":"https:\/\/www.enerjigazetesi.ist\/en\/wp-json\/wp\/v2\/pages\/18284"}],"wp:attachment":[{"href":"https:\/\/www.enerjigazetesi.ist\/en\/wp-json\/wp\/v2\/media?parent=18342"}],"curies":[{"name":"wp","href":"https:\/\/api.w.org\/{rel}","templated":true}]}}