{"id":18292,"date":"2013-11-27T17:11:42","date_gmt":"2013-11-27T14:11:42","guid":{"rendered":"https:\/\/www.enerjigazetesi.ist\/?page_id=18292"},"modified":"2014-06-14T02:04:59","modified_gmt":"2014-06-13T23:04:59","slug":"fatih-cacan","status":"publish","type":"page","link":"https:\/\/www.enerjigazetesi.ist\/en\/kose-yazarlarimiz-ve-yazilari\/fatih-cacan\/","title":{"rendered":"(Turkish) Fatih \u00c7a\u00e7an | T\u00fcm K\u00f6\u015fe Yaz\u0131lar\u0131"},"content":{"rendered":"<p class=\"qtranxs-available-languages-message qtranxs-available-languages-message-en\">Sorry, this entry is only available in <a href=\"https:\/\/www.enerjigazetesi.ist\/tr\/wp-json\/wp\/v2\/pages\/18292\" class=\"qtranxs-available-language-link qtranxs-available-language-link-tr\" title=\"Turkish\">Turkish<\/a>. For the sake of viewer convenience, the content is shown below in the alternative language. You may click the link to switch the active language.<\/p><p><a href=\"https:\/\/www.enerjigazetesi.ist\/kose-yazisi-turkiye-de-enerji-sistemleri-muhendislerinin-durumu\/\">T\u00fcrkiye de Enerji Sistemleri M\u00fchendislerinin Durumu\u2026<\/a><\/p>\n<p><a href=\"https:\/\/www.enerjigazetesi.ist\/kose-yazisi-sorularla-isi-yalitiminin-faydalari\/\">Sorularla Is\u0131 Yal\u0131t\u0131m\u0131n\u0131n Faydalar\u0131<\/a><\/p>\n<p><a href=\"https:\/\/www.enerjigazetesi.ist\/kose-yazisi-gunumuzde-neden-ruzgar-enerjisi\/\">G\u00fcn\u00fcm\u00fczde Neden R\u00fczgar Enerjisi?<\/a><\/p>\n<p><a href=\"https:\/\/www.enerjigazetesi.ist\/yenilenebilir-enerji-kaynaklari-ile-yasanabilir-bir-gelecek\/\">Yenilenebilir Enerji Kaynaklar\u0131 \u0130le Ya\u015fanabilir Bir Gelecek\u2026<\/a><\/p>\n<p><a href=\"https:\/\/www.enerjigazetesi.ist\/kose-yazisi-isi-pompalarinin-enerji-verimliligindeki-yeri\/\">Is\u0131 Pompalar\u0131n\u0131n Enerji Verimlili\u011findeki Yeri<\/a><\/p>\n<p><a href=\"https:\/\/www.enerjigazetesi.ist\/kose-yazisi-enerji-verimliliginde-led-aydinlatma-sistemleri\/\">Enerji Verimlili\u011finde Led Ayd\u0131nlatma Sistemleri<\/a><\/p>\n<p><a href=\"https:\/\/www.enerjigazetesi.ist\/kose-yazisi-turkiyenin-yenilenebilir-enerji-kaynaklari-ve-gunes-enerjisi\/\">T\u00fcrkiye\u2019nin Yenilenebilir Enerji Kaynaklar\u0131 ve G\u00fcne\u015f\u2026<\/a><\/p>\n<p><a href=\"https:\/\/www.enerjigazetesi.ist\/kose-yazisi-turkiye-ve-nukleer-enerji\/\">T\u00fcrkiye ve N\u00fckleer Enerji\u2026<\/a><\/p>\n<p><a href=\"https:\/\/www.enerjigazetesi.ist\/kose-yazisi-dogu-ve-guneydogu-anadolu-daki-enerji-politikalari\/\">Do\u011fu ve G\u00fcneydo\u011fu Anadolu\u2019daki Enerji Politikalar\u0131\u2026<\/a><\/p>\n<p><a href=\"https:\/\/www.enerjigazetesi.ist\/turkiyede-hidroelektrik-santraller\/\">T\u00fcrkiye\u2019de Hidroelektrik Santraller\u2026<\/a><\/p>","protected":false},"excerpt":{"rendered":"<p>Sorry, this entry is only available in Turkish. For the sake of viewer convenience, the content is shown below in the alternative language. You may click the link to switch the active language.T\u00fcrkiye de Enerji Sistemleri M\u00fchendislerinin Durumu\u2026 Sorularla Is\u0131 Yal\u0131t\u0131m\u0131n\u0131n Faydalar\u0131 G\u00fcn\u00fcm\u00fczde Neden R\u00fczgar Enerjisi? Yenilenebilir Enerji Kaynaklar\u0131 \u0130le Ya\u015fanabilir Bir Gelecek\u2026 Is\u0131 Pompalar\u0131n\u0131n [&hellip;]<\/p>\n","protected":false},"author":1,"featured_media":0,"parent":18284,"menu_order":0,"comment_status":"open","ping_status":"open","template":"","meta":[],"_links":{"self":[{"href":"https:\/\/www.enerjigazetesi.ist\/en\/wp-json\/wp\/v2\/pages\/18292"}],"collection":[{"href":"https:\/\/www.enerjigazetesi.ist\/en\/wp-json\/wp\/v2\/pages"}],"about":[{"href":"https:\/\/www.enerjigazetesi.ist\/en\/wp-json\/wp\/v2\/types\/page"}],"author":[{"embeddable":true,"href":"https:\/\/www.enerjigazetesi.ist\/en\/wp-json\/wp\/v2\/users\/1"}],"replies":[{"embeddable":true,"href":"https:\/\/www.enerjigazetesi.ist\/en\/wp-json\/wp\/v2\/comments?post=18292"}],"version-history":[{"count":13,"href":"https:\/\/www.enerjigazetesi.ist\/en\/wp-json\/wp\/v2\/pages\/18292\/revisions"}],"predecessor-version":[{"id":27966,"href":"https:\/\/www.enerjigazetesi.ist\/en\/wp-json\/wp\/v2\/pages\/18292\/revisions\/27966"}],"up":[{"embeddable":true,"href":"https:\/\/www.enerjigazetesi.ist\/en\/wp-json\/wp\/v2\/pages\/18284"}],"wp:attachment":[{"href":"https:\/\/www.enerjigazetesi.ist\/en\/wp-json\/wp\/v2\/media?parent=18292"}],"curies":[{"name":"wp","href":"https:\/\/api.w.org\/{rel}","templated":true}]}}