{"id":18284,"date":"2022-04-17T08:00:52","date_gmt":"2022-04-17T05:00:52","guid":{"rendered":"https:\/\/www.enerjigazetesi.ist\/?page_id=18284"},"modified":"2022-04-17T16:35:20","modified_gmt":"2022-04-17T13:35:20","slug":"kose-yazarlarimiz-ve-yazilari","status":"publish","type":"page","link":"https:\/\/www.enerjigazetesi.ist\/en\/kose-yazarlarimiz-ve-yazilari\/","title":{"rendered":"(Turkish) Enerji Sekt\u00f6r\u00fc K\u00f6\u015fe Yazarlar\u0131m\u0131z, Yaz\u0131lar\u0131 ve Makaleleri"},"content":{"rendered":"<p class=\"qtranxs-available-languages-message qtranxs-available-languages-message-en\">Sorry, this entry is only available in <a href=\"https:\/\/www.enerjigazetesi.ist\/tr\/wp-json\/wp\/v2\/pages\/18284\" class=\"qtranxs-available-language-link qtranxs-available-language-link-tr\" title=\"Turkish\">Turkish<\/a>. For the sake of viewer convenience, the content is shown below in the alternative language. You may click the link to switch the active language.<\/p><p><\/p>\n<table border=\"0\" width=\"100%\">\n<tbody>\n<tr>\n<td align=\"center\" valign=\"middle\"><a href=\"https:\/\/www.enerjigazetesi.ist\/kose-yazarlarimiz-ve-yazilari\/dilek-asan-tum-kose-yazilari\/\"><img loading=\"lazy\" class=\"aligncenter size-full wp-image-154348\" src=\"https:\/\/www.enerjigazetesi.ist\/wp-content\/uploads\/2022\/04\/dilek-asan.jpg\" alt=\"\" width=\"470\" height=\"106\" srcset=\"https:\/\/www.enerjigazetesi.ist\/wp-content\/uploads\/2022\/04\/dilek-asan.jpg 470w, https:\/\/www.enerjigazetesi.ist\/wp-content\/uploads\/2022\/04\/dilek-asan-300x68.jpg 300w, https:\/\/www.enerjigazetesi.ist\/wp-content\/uploads\/2022\/04\/dilek-asan-80x18.jpg 80w\" sizes=\"(max-width: 470px) 100vw, 470px\" \/><\/a><\/td>\n<\/tr>\n<tr>\n<td align=\"center\" valign=\"middle\"><a href=\"https:\/\/www.enerjigazetesi.ist\/kose-yazarlarimiz-ve-yazilari\/salih-uzgun\/\"><img loading=\"lazy\" class=\"aligncenter wp-image-76059 size-full\" src=\"https:\/\/www.enerjigazetesi.ist\/wp-content\/uploads\/2018\/07\/salih-uzgun-1.jpg\" alt=\"\" width=\"470\" height=\"106\" srcset=\"https:\/\/www.enerjigazetesi.ist\/wp-content\/uploads\/2018\/07\/salih-uzgun-1.jpg 470w, https:\/\/www.enerjigazetesi.ist\/wp-content\/uploads\/2018\/07\/salih-uzgun-1-300x68.jpg 300w, https:\/\/www.enerjigazetesi.ist\/wp-content\/uploads\/2018\/07\/salih-uzgun-1-80x18.jpg 80w\" sizes=\"(max-width: 470px) 100vw, 470px\" \/><\/a><\/td>\n<\/tr>\n<tr>\n<td align=\"center\" valign=\"middle\"><a href=\"https:\/\/www.enerjigazetesi.ist\/kose-yazarlarimiz-ve-yazilari\/cigdem-yorgancioglu\/\"><img loading=\"lazy\" class=\"aligncenter size-full wp-image-65728\" src=\"https:\/\/www.enerjigazetesi.ist\/wp-content\/uploads\/2017\/07\/cigdem-yorgancioglu.jpg\" alt=\"cigdem-yorgancioglu\" width=\"470\" height=\"106\" srcset=\"https:\/\/www.enerjigazetesi.ist\/wp-content\/uploads\/2017\/07\/cigdem-yorgancioglu.jpg 470w, https:\/\/www.enerjigazetesi.ist\/wp-content\/uploads\/2017\/07\/cigdem-yorgancioglu-300x67.jpg 300w, https:\/\/www.enerjigazetesi.ist\/wp-content\/uploads\/2017\/07\/cigdem-yorgancioglu-80x18.jpg 80w\" sizes=\"(max-width: 470px) 100vw, 470px\" \/><\/a><\/td>\n<\/tr>\n<tr>\n<td align=\"center\" valign=\"middle\"><a href=\"https:\/\/www.enerjigazetesi.ist\/kose-yazarlarimiz-ve-yazilari\/fatih-cacan\"><img loading=\"lazy\" class=\"aligncenter\" style=\"border: 0px currentColor;\" src=\"https:\/\/www.enerjigazetesi.ist\/wp-content\/themes\/habertema\/images\/fatih-cacan.jpg\" alt=\"Engin Deniz\" width=\"470\" height=\"100\" border=\"0\" \/><\/a><\/td>\n<\/tr>\n<tr>\n<td align=\"center\" valign=\"middle\"><a href=\"https:\/\/www.enerjigazetesi.ist\/kose-yazarlarimiz-ve-yazilari\/c-can-tutasi\"><img loading=\"lazy\" class=\"aligncenter\" style=\"border: 0px currentColor;\" src=\"https:\/\/www.enerjigazetesi.ist\/wp-content\/themes\/habertema\/images\/c-can-tutasi.jpg\" alt=\"Engin Deniz\" width=\"470\" height=\"100\" border=\"0\" \/><\/a><\/td>\n<\/tr>\n<tr>\n<td align=\"center\" valign=\"middle\"><a href=\"https:\/\/www.enerjigazetesi.ist\/kose-yazarlarimiz-ve-yazilari\/diger-kose-yazilari\"><img class=\"aligncenter\" style=\"border: 0px currentColor;\" src=\"https:\/\/www.enerjigazetesi.ist\/wp-content\/themes\/habertema\/images\/diger-kose-yazilari.jpg\" alt=\"Di\u011fer K\u00f6\u015fe Yazarlar\u0131\" border=\"0\" \/><\/a><\/td>\n<\/tr>\n<tr>\n<td align=\"center\"><\/td>\n<\/tr>\n<\/tbody>\n<\/table>\n<p><\/p>","protected":false},"excerpt":{"rendered":"<p>Sorry, this entry is only available in Turkish. For the sake of viewer convenience, the content is shown below in the alternative language. You may click the link to switch the active language.<\/p>\n","protected":false},"author":1,"featured_media":0,"parent":0,"menu_order":0,"comment_status":"open","ping_status":"closed","template":"","meta":[],"_links":{"self":[{"href":"https:\/\/www.enerjigazetesi.ist\/en\/wp-json\/wp\/v2\/pages\/18284"}],"collection":[{"href":"https:\/\/www.enerjigazetesi.ist\/en\/wp-json\/wp\/v2\/pages"}],"about":[{"href":"https:\/\/www.enerjigazetesi.ist\/en\/wp-json\/wp\/v2\/types\/page"}],"author":[{"embeddable":true,"href":"https:\/\/www.enerjigazetesi.ist\/en\/wp-json\/wp\/v2\/users\/1"}],"replies":[{"embeddable":true,"href":"https:\/\/www.enerjigazetesi.ist\/en\/wp-json\/wp\/v2\/comments?post=18284"}],"version-history":[{"count":16,"href":"https:\/\/www.enerjigazetesi.ist\/en\/wp-json\/wp\/v2\/pages\/18284\/revisions"}],"predecessor-version":[{"id":76060,"href":"https:\/\/www.enerjigazetesi.ist\/en\/wp-json\/wp\/v2\/pages\/18284\/revisions\/76060"}],"wp:attachment":[{"href":"https:\/\/www.enerjigazetesi.ist\/en\/wp-json\/wp\/v2\/media?parent=18284"}],"curies":[{"name":"wp","href":"https:\/\/api.w.org\/{rel}","templated":true}]}}