{"id":154349,"date":"2025-05-12T10:00:45","date_gmt":"2025-05-12T07:00:45","guid":{"rendered":"https:\/\/www.enerjigazetesi.ist\/?page_id=154349"},"modified":"2025-05-12T10:58:38","modified_gmt":"2025-05-12T07:58:38","slug":"dilek-asan-tum-kose-yazilari","status":"publish","type":"page","link":"https:\/\/www.enerjigazetesi.ist\/en\/kose-yazarlarimiz-ve-yazilari\/dilek-asan-tum-kose-yazilari\/","title":{"rendered":"(Turkish) Dilek A\u015fan | T\u00fcm K\u00f6\u015fe Yaz\u0131lar\u0131"},"content":{"rendered":"<p class=\"qtranxs-available-languages-message qtranxs-available-languages-message-en\">Sorry, this entry is only available in <a href=\"https:\/\/www.enerjigazetesi.ist\/tr\/wp-json\/wp\/v2\/pages\/154349\" class=\"qtranxs-available-language-link qtranxs-available-language-link-tr\" title=\"Turkish\">Turkish<\/a>. For the sake of viewer convenience, the content is shown below in the alternative language. You may click the link to switch the active language.<\/p><p><a href=\"https:\/\/www.enerjigazetesi.ist\/endustride-karbonsuzlasma-stratejileri\/\">End\u00fcstride Karbonsuzla\u015fma Stratejileri<\/a><br \/>\n<a href=\"https:\/\/www.enerjigazetesi.ist\/cevre-yonetimi-bir-zorunluluk-mu-stratejik-bir-avantaj-mi\/\">\u00c7evre Y\u00f6netimi Bir Zorunluluk mu, Stratejik Bir Avantaj m\u0131?<\/a><br \/>\n<a href=\"https:\/\/www.enerjigazetesi.ist\/kurumsal-enerji-yonetim-sistemi-ve-surdurulebilirlik\/\">Kurumsal Enerji Y\u00f6netim Sistemi ve S\u00fcrd\u00fcr\u00fclebilirlik<\/a><br \/>\n<a href=\"https:\/\/www.enerjigazetesi.ist\/surdurulebilir-enerjinin-destek-ve-tesviginde-hukumet-politikalarinin-rolu\/\">S\u00fcrd\u00fcr\u00fclebilir Enerjinin Destek ve Te\u015fvi\u011finde H\u00fck\u00fcmet Politikalar\u0131n\u0131n Rol\u00fc<\/a><br \/>\n<a href=\"https:\/\/www.enerjigazetesi.ist\/surdurulebilir-enerji-uretimi-ve-jeotermal-enerji\/\">S\u00fcrd\u00fcr\u00fclebilir Enerji \u00dcretimi ve Jeotermal Enerji<\/a><br \/>\n<a href=\"https:\/\/www.enerjigazetesi.ist\/avrupa-yesil-mutabakati-ve-temiz-enerji-gecisi\/\">Avrupa Ye\u015fil Mutabakat\u0131 ve Temiz Enerji Ge\u00e7i\u015fi<\/a><br \/>\n<a href=\"https:\/\/www.enerjigazetesi.ist\/biyoenerji-ve-net-sifir-karbon-hedefi\/\">Biyoenerji ve Net S\u0131f\u0131r Karbon Hedefi<\/a><br \/>\n<a href=\"https:\/\/www.enerjigazetesi.ist\/solar-sogutma-sistemleri\/\">Solar So\u011futma Sistemleri<\/a><br \/>\n<a href=\"https:\/\/www.enerjigazetesi.ist\/ab-yapi-restorasyon-girisimleri\/\">AB Yap\u0131 Restorasyon Giri\u015fimler<\/a><br \/>\n<a href=\"https:\/\/www.enerjigazetesi.ist\/cevre-yonetiminde-nexus-yaklasimi\/\">\u00c7evre Y\u00f6netiminde Nexus Yakla\u015f\u0131m\u0131<\/a><br \/>\n<a href=\"https:\/\/www.enerjigazetesi.ist\/avrupa-birligi-ab-metan-stratejisi\/\">Avrupa Birli\u011fi (AB) Metan Stratejisi<\/a><br \/>\n<a href=\"https:\/\/www.enerjigazetesi.ist\/soguk-iklimlerde-gunes-panelleri-kullanimi\/\">So\u011fuk \u0130klimlerde G\u00fcne\u015f Panelleri Kullan\u0131m\u0131<\/a><br \/>\n<a href=\"https:\/\/www.enerjigazetesi.ist\/yenilenebilir-hidrojen\/\">Yenilenebilir Hidrojen<\/a><br \/>\n<a href=\"https:\/\/www.enerjigazetesi.ist\/ab-enerji-sistemi-entegrasyonu-stratejisi\/\">AB Enerji Sistemi Entegrasyonu Stratejisi<\/a><br \/>\n<a href=\"https:\/\/www.enerjigazetesi.ist\/gunes-enerjisi-nerelerde-kullanilir\/\">G\u00fcne\u015f Enerjisi Nerelerde Kullan\u0131l\u0131r?<\/a><br \/>\n<a href=\"https:\/\/www.enerjigazetesi.ist\/ruzgar-enerjisiyle-ilgili-bazi-tartismalar\/\">R\u00fczgar Enerjisiyle \u0130lgili Baz\u0131 Tart\u0131\u015fmalar<\/a><br \/>\n<a href=\"https:\/\/www.enerjigazetesi.ist\/ruzgar-turbini-sertifikasyonu-ve-iec-61400-22-standardi\/\">R\u00fczgar T\u00fcrbini Sertifikasyonu ve IEC 61400-22 Standard\u0131<\/a><br \/>\n<a href=\"https:\/\/www.enerjigazetesi.ist\/nukleer-enerjiyle-ilgili-bilinmesi-gerekenler\/\">N\u00fckleer Enerjiyle \u0130lgili Bilinmesi Gerekenler<\/a><br \/>\n<a href=\"https:\/\/www.enerjigazetesi.ist\/ruzgar-turbinleri-ve-kus-olumleri\/\">R\u00fczgar T\u00fcrbinleri ve Ku\u015f \u00d6l\u00fcmleri<\/a><br \/>\n<a href=\"https:\/\/www.enerjigazetesi.ist\/gunes-panelleri-nin-verimliligi-nasil-artirilir\/\">G\u00fcne\u015f Panellerinin Verimlili\u011fi Nas\u0131l Art\u0131r\u0131l\u0131r?<\/a><br \/>\n<a href=\"https:\/\/www.enerjigazetesi.ist\/yesil-hidrojen-kullanimi\/\">Ye\u015fil Hidrojen Kullan\u0131m\u0131<\/a><br \/>\n<a href=\"https:\/\/www.enerjigazetesi.ist\/avrupa-birligi-emisyon-ticaret-sistemi\/\">Avrupa Birli\u011fi Emisyon Ticaret Sistemi<\/a><br \/>\n<a href=\"https:\/\/www.enerjigazetesi.ist\/gunumuz-de-yuksek-teknolojili-verimli-seralari\/\">Y\u00fcksek Teknolojili Verimli Seralar<\/a><br \/>\n<a href=\"https:\/\/www.enerjigazetesi.ist\/gunumuz-temiz-uretim-teknolojileri\/\">G\u00fcn\u00fcm\u00fcz Temiz \u00dcretim Teknolojileri<\/a><br \/>\n<a href=\"https:\/\/www.enerjigazetesi.ist\/yesil-tedarik-zinciri-ve-yesil-lojistik\/\">Ye\u015fil Tedarik Zinciri ve Ye\u015fil Lojistik<\/a><br \/>\n<a href=\"https:\/\/www.enerjigazetesi.ist\/cevresel-surdurulebilirlik-icin-yesil-tedarik-zinciri-ve-yesil-lojistik\/\">\u00c7evresel S\u00fcrd\u00fcr\u00fclebilirlik \u0130\u00e7in Ye\u015fil Tedarik Zinciri ve Ye\u015fil Lojistik<\/a><br \/>\n<a href=\"https:\/\/www.enerjigazetesi.ist\/blokzincir-endustrisinde-karbondan-arindirmada-kripto-iklim-anlasmasi\/\">Blokzincir End\u00fcstrisinde Karbondan Ar\u0131nd\u0131rmada Kripto \u0130klim Anla\u015fmas\u0131<\/a><br \/>\n<a href=\"https:\/\/www.enerjigazetesi.ist\/cevremiz-icin-cevresel-surdurulebilirlik-ile-neler-yapabiliriz\/\">\u00c7evremiz \u0130\u00e7in \u00c7evresel S\u00fcrd\u00fcr\u00fclebilirlik \u0130\u00e7in Neler Yapabiliriz?<\/a><br \/>\n<a href=\"https:\/\/www.enerjigazetesi.ist\/su-ayak-izi-turleri-ve-dusurulmesi-icin-yapilmasi-gerekenler\/\">Su Ayak \u0130zi T\u00fcrleri ve D\u00fc\u015f\u00fcr\u00fclmesi \u0130\u00e7in Yap\u0131lmas\u0131 Gerekenler<\/a><br \/>\n<a href=\"https:\/\/www.enerjigazetesi.ist\/gunumuz-ab-emisyon-ticaret-sistemi-ve-kapsami\/\">AB Emisyon Ticaret Sistemi ve Kapsam\u0131<\/a><br \/>\n<a href=\"https:\/\/www.enerjigazetesi.ist\/turkiye-de-ve-dunya-da-surdurulebilirlik-endeksleri\/\">T\u00fcrkiye&#8217;de ve D\u00fcnyada S\u00fcrd\u00fcr\u00fclebilir Endeksi<\/a><\/p>","protected":false},"excerpt":{"rendered":"<p>Sorry, this entry is only available in Turkish. For the sake of viewer convenience, the content is shown below in the alternative language. You may click the link to switch the active language.End\u00fcstride Karbonsuzla\u015fma Stratejileri \u00c7evre Y\u00f6netimi Bir Zorunluluk mu, Stratejik Bir Avantaj m\u0131? Kurumsal Enerji Y\u00f6netim Sistemi ve S\u00fcrd\u00fcr\u00fclebilirlik S\u00fcrd\u00fcr\u00fclebilir Enerjinin Destek ve Te\u015fvi\u011finde [&hellip;]<\/p>\n","protected":false},"author":1,"featured_media":0,"parent":18284,"menu_order":0,"comment_status":"closed","ping_status":"closed","template":"","meta":[],"_links":{"self":[{"href":"https:\/\/www.enerjigazetesi.ist\/en\/wp-json\/wp\/v2\/pages\/154349"}],"collection":[{"href":"https:\/\/www.enerjigazetesi.ist\/en\/wp-json\/wp\/v2\/pages"}],"about":[{"href":"https:\/\/www.enerjigazetesi.ist\/en\/wp-json\/wp\/v2\/types\/page"}],"author":[{"embeddable":true,"href":"https:\/\/www.enerjigazetesi.ist\/en\/wp-json\/wp\/v2\/users\/1"}],"replies":[{"embeddable":true,"href":"https:\/\/www.enerjigazetesi.ist\/en\/wp-json\/wp\/v2\/comments?post=154349"}],"version-history":[{"count":0,"href":"https:\/\/www.enerjigazetesi.ist\/en\/wp-json\/wp\/v2\/pages\/154349\/revisions"}],"up":[{"embeddable":true,"href":"https:\/\/www.enerjigazetesi.ist\/en\/wp-json\/wp\/v2\/pages\/18284"}],"wp:attachment":[{"href":"https:\/\/www.enerjigazetesi.ist\/en\/wp-json\/wp\/v2\/media?parent=154349"}],"curies":[{"name":"wp","href":"https:\/\/api.w.org\/{rel}","templated":true}]}}